{"id":972,"date":"2017-05-08T14:01:43","date_gmt":"2017-05-08T12:01:43","guid":{"rendered":"http:\/\/www.aringer-automobiltechnik.de\/?page_id=972"},"modified":"2019-09-20T09:08:45","modified_gmt":"2019-09-20T07:08:45","slug":"automatikgetriebeoel","status":"publish","type":"page","link":"https:\/\/www.aringer-automobiltechnik.de\/index.php\/service\/automatikgetriebeoel\/","title":{"rendered":"Automatikgetriebe\u00f6l Sp\u00fclung"},"content":{"rendered":"\n<ul class=\"wp-block-gallery columns-3 is-cropped wp-block-gallery-1 is-layout-flex wp-block-gallery-is-layout-flex\"><li class=\"blocks-gallery-item\"><figure><img data-recalc-dims=\"1\" loading=\"lazy\" decoding=\"async\" width=\"632\" height=\"474\" data-attachment-id=\"460\" data-permalink=\"https:\/\/www.aringer-automobiltechnik.de\/index.php\/werkstatt\/automatikgetriebeoel-spuelung-aussen\/#main\" data-orig-file=\"https:\/\/i0.wp.com\/www.aringer-automobiltechnik.de\/wp-content\/uploads\/2016\/01\/Automatikgetriebe%C3%B6l-Sp%C3%BClung-au%C3%9Fen.jpg?fit=640%2C480&amp;ssl=1\" data-orig-size=\"640,480\" data-comments-opened=\"0\" data-image-meta=\"{&quot;aperture&quot;:&quot;0&quot;,&quot;credit&quot;:&quot;&quot;,&quot;camera&quot;:&quot;&quot;,&quot;caption&quot;:&quot;&quot;,&quot;created_timestamp&quot;:&quot;0&quot;,&quot;copyright&quot;:&quot;&quot;,&quot;focal_length&quot;:&quot;0&quot;,&quot;iso&quot;:&quot;0&quot;,&quot;shutter_speed&quot;:&quot;0&quot;,&quot;title&quot;:&quot;&quot;,&quot;orientation&quot;:&quot;0&quot;}\" data-image-title=\"Automatikgetriebe\u00f6l-Sp\u00fclung\" data-image-description=\"\" data-image-caption=\"&lt;p&gt;Automatikgetriebesp\u00fclger\u00e4t nach Tim Eckert&lt;\/p&gt;\n\" data-large-file=\"https:\/\/i0.wp.com\/www.aringer-automobiltechnik.de\/wp-content\/uploads\/2016\/01\/Automatikgetriebe%C3%B6l-Sp%C3%BClung-au%C3%9Fen.jpg?fit=632%2C474&amp;ssl=1\" src=\"https:\/\/i0.wp.com\/www.aringer-automobiltechnik.de\/wp-content\/uploads\/2016\/01\/Automatikgetriebe%C3%B6l-Sp%C3%BClung-au%C3%9Fen.jpg?resize=632%2C474&#038;ssl=1\" alt=\"Automatikgetriebe\u00f6l-Sp\u00fclung\" data-id=\"460\" data-link=\"https:\/\/www.aringer-automobiltechnik.de\/index.php\/werkstatt\/automatikgetriebeoel-spuelung-aussen\/#main\" class=\"wp-image-460\" srcset=\"https:\/\/i0.wp.com\/www.aringer-automobiltechnik.de\/wp-content\/uploads\/2016\/01\/Automatikgetriebe%C3%B6l-Sp%C3%BClung-au%C3%9Fen.jpg?w=640&amp;ssl=1 640w, https:\/\/i0.wp.com\/www.aringer-automobiltechnik.de\/wp-content\/uploads\/2016\/01\/Automatikgetriebe%C3%B6l-Sp%C3%BClung-au%C3%9Fen.jpg?resize=300%2C225&amp;ssl=1 300w\" sizes=\"auto, (max-width: 632px) 100vw, 632px\" \/><figcaption>Automatikgetriebesp\u00fclger\u00e4t nach Tim Eckert<\/figcaption><\/figure><\/li><li class=\"blocks-gallery-item\"><figure><img data-recalc-dims=\"1\" loading=\"lazy\" decoding=\"async\" width=\"632\" height=\"411\" data-attachment-id=\"987\" data-permalink=\"https:\/\/www.aringer-automobiltechnik.de\/index.php\/service\/automatikgetriebeoel\/automatikgetriebeoel-spuelung-innen\/#main\" data-orig-file=\"https:\/\/i0.wp.com\/www.aringer-automobiltechnik.de\/wp-content\/uploads\/2017\/05\/Automatikgetriebe%C3%B6l-Sp%C3%BClung-innen.jpg?fit=800%2C520&amp;ssl=1\" data-orig-size=\"800,520\" data-comments-opened=\"0\" data-image-meta=\"{&quot;aperture&quot;:&quot;0&quot;,&quot;credit&quot;:&quot;&quot;,&quot;camera&quot;:&quot;&quot;,&quot;caption&quot;:&quot;&quot;,&quot;created_timestamp&quot;:&quot;0&quot;,&quot;copyright&quot;:&quot;&quot;,&quot;focal_length&quot;:&quot;0&quot;,&quot;iso&quot;:&quot;0&quot;,&quot;shutter_speed&quot;:&quot;0&quot;,&quot;title&quot;:&quot;&quot;,&quot;orientation&quot;:&quot;0&quot;}\" data-image-title=\"Automatikgetriebe\u00f6l Sp\u00fclung\" data-image-description=\"&lt;p&gt;Automatikgetriebe\u00f6l Sp\u00fclung&lt;\/p&gt;\n\" data-image-caption=\"&lt;p&gt;Getriebesp\u00fcl-Adapter f\u00fcr alle Hersteller&lt;\/p&gt;\n\" data-large-file=\"https:\/\/i0.wp.com\/www.aringer-automobiltechnik.de\/wp-content\/uploads\/2017\/05\/Automatikgetriebe%C3%B6l-Sp%C3%BClung-innen.jpg?fit=632%2C411&amp;ssl=1\" src=\"https:\/\/i0.wp.com\/www.aringer-automobiltechnik.de\/wp-content\/uploads\/2017\/05\/Automatikgetriebe%C3%B6l-Sp%C3%BClung-innen.jpg?resize=632%2C411&#038;ssl=1\" alt=\"Automatikgetriebe\u00f6l Sp\u00fclung\" data-id=\"987\" data-link=\"https:\/\/www.aringer-automobiltechnik.de\/index.php\/service\/automatikgetriebeoel\/automatikgetriebeoel-spuelung-innen\/#main\" class=\"wp-image-987\" srcset=\"https:\/\/i0.wp.com\/www.aringer-automobiltechnik.de\/wp-content\/uploads\/2017\/05\/Automatikgetriebe%C3%B6l-Sp%C3%BClung-innen.jpg?w=800&amp;ssl=1 800w, https:\/\/i0.wp.com\/www.aringer-automobiltechnik.de\/wp-content\/uploads\/2017\/05\/Automatikgetriebe%C3%B6l-Sp%C3%BClung-innen.jpg?resize=300%2C195&amp;ssl=1 300w, https:\/\/i0.wp.com\/www.aringer-automobiltechnik.de\/wp-content\/uploads\/2017\/05\/Automatikgetriebe%C3%B6l-Sp%C3%BClung-innen.jpg?resize=768%2C499&amp;ssl=1 768w\" sizes=\"auto, (max-width: 632px) 100vw, 632px\" \/><figcaption>Getriebesp\u00fcl-Adapter f\u00fcr alle Hersteller<\/figcaption><\/figure><\/li><li class=\"blocks-gallery-item\"><figure><img data-recalc-dims=\"1\" loading=\"lazy\" decoding=\"async\" width=\"632\" height=\"503\" data-attachment-id=\"570\" data-permalink=\"https:\/\/www.aringer-automobiltechnik.de\/index.php\/team\/patrick-eickmeier\/#main\" data-orig-file=\"https:\/\/i0.wp.com\/www.aringer-automobiltechnik.de\/wp-content\/uploads\/2016\/01\/Patrick-Eickmeier.jpg?fit=3069%2C2442&amp;ssl=1\" data-orig-size=\"3069,2442\" data-comments-opened=\"0\" data-image-meta=\"{&quot;aperture&quot;:&quot;0&quot;,&quot;credit&quot;:&quot;&quot;,&quot;camera&quot;:&quot;&quot;,&quot;caption&quot;:&quot;&quot;,&quot;created_timestamp&quot;:&quot;0&quot;,&quot;copyright&quot;:&quot;&quot;,&quot;focal_length&quot;:&quot;0&quot;,&quot;iso&quot;:&quot;0&quot;,&quot;shutter_speed&quot;:&quot;0&quot;,&quot;title&quot;:&quot;&quot;,&quot;orientation&quot;:&quot;0&quot;}\" data-image-title=\"Patrick Eickmeier\" data-image-description=\"&lt;p&gt;Patrick Eickmeier Kfz-Mechatroniker&lt;\/p&gt;\n\" data-image-caption=\"&lt;p&gt;Patrick ist Spezialist f\u00fcr Getriebesp\u00fclungen&lt;\/p&gt;\n\" data-large-file=\"https:\/\/i0.wp.com\/www.aringer-automobiltechnik.de\/wp-content\/uploads\/2016\/01\/Patrick-Eickmeier.jpg?fit=632%2C503&amp;ssl=1\" src=\"https:\/\/i0.wp.com\/www.aringer-automobiltechnik.de\/wp-content\/uploads\/2016\/01\/Patrick-Eickmeier-1024x815.jpg?resize=632%2C503&#038;ssl=1\" alt=\"Patrick Eickmeier\" data-id=\"570\" data-link=\"https:\/\/www.aringer-automobiltechnik.de\/index.php\/team\/patrick-eickmeier\/#main\" class=\"wp-image-570\" srcset=\"https:\/\/i0.wp.com\/www.aringer-automobiltechnik.de\/wp-content\/uploads\/2016\/01\/Patrick-Eickmeier.jpg?resize=1024%2C815&amp;ssl=1 1024w, https:\/\/i0.wp.com\/www.aringer-automobiltechnik.de\/wp-content\/uploads\/2016\/01\/Patrick-Eickmeier.jpg?resize=300%2C239&amp;ssl=1 300w, https:\/\/i0.wp.com\/www.aringer-automobiltechnik.de\/wp-content\/uploads\/2016\/01\/Patrick-Eickmeier.jpg?resize=768%2C611&amp;ssl=1 768w, https:\/\/i0.wp.com\/www.aringer-automobiltechnik.de\/wp-content\/uploads\/2016\/01\/Patrick-Eickmeier.jpg?w=1264&amp;ssl=1 1264w, https:\/\/i0.wp.com\/www.aringer-automobiltechnik.de\/wp-content\/uploads\/2016\/01\/Patrick-Eickmeier.jpg?w=1896&amp;ssl=1 1896w\" sizes=\"auto, (max-width: 632px) 100vw, 632px\" \/><figcaption>Patrick ist Spezialist f\u00fcr Getriebesp\u00fclungen<\/figcaption><\/figure><\/li><\/ul>\n\n\n<p><span style=\"color: #000000;\">Automatikgetriebe\u00f6l &#8211; Sp\u00fclungen vermeiden beziehungsweise beheben diverse\u00a0Getriebeprobleme bei Automatikgetrieben und DSG &#8211; Getrieben.<\/span><\/p>\n<p><span style=\"color: #000000;\">Wir sp\u00fclen alle Getriebefabrikate gem\u00e4\u00df der bew\u00e4hrten <\/span><span style=\"color: #000000;\"><strong>&#8222;Tim Eckart Methode&#8220;<\/strong><\/span><span style=\"color: #000000;\">. Tim ist ein echter schw\u00e4bischer T\u00fcftler. Durch seine Erfindung sind schon viele Getriebe-Erneuerungen verhindert worden!<\/span><\/p>\n<p><span style=\"color: #000000;\">Der Ablauf:<\/span><\/p>\n<p><span style=\"color: #000000;\">Bei laufendem Antriebsstrang wird das\u00a0<\/span><span style=\"color: #000000;\"><span class=\"highlightNode\">Getriebe\u00f6l<\/span><\/span><span style=\"color: #000000;\">\u00a0durch das in die Getriebe\u00f6lleitung vom\u00a0Automatikgetriebe zum Getriebek\u00fchler\u00a0geschaltete Getriebe &#8211;\u00a0Sp\u00fclger\u00e4t\u00a0gewechselt, nachdem mit einem Spezialreiniger eine Reinigungsfahrt (ca. 10KM) durch alle Schaltstufen erfolgt ist.<\/span><br \/><span style=\"color: #000000;\"> Dabei werden 100% des alten Getriebe\u00f6ls sowie\u00a0eventuelle Ablagerungen aus dem System gesp\u00fclt.<\/span><span style=\"color: #000000;\"><span class=\"text_exposed_show\"><br \/>Zus\u00e4tzlich wird der Getriebe\u00f6lk\u00fchler mitgesp\u00fclt.<br \/>Da dies bei nahezu Betriebstemperatur geschieht, ist der Getriebe\u00f6lk\u00fchler mit seinen feinen K\u00fchllamellen vollst\u00e4ndig ausgedehnt und die Schmutzpartikel werden mit ausgesp\u00fclt.\u00a0Im kalten Zustand klemmen sich n\u00e4mlich R\u00fcckst\u00e4nde und Ablagerungen in die enger gewordenen K\u00fchllamellen und k\u00f6nnen nicht ausgesp\u00fclt werden.<br \/><\/span><\/span><\/p>\n<p><span class=\"text_exposed_show\" style=\"color: #000000;\">Im Rahmen der Automatikgetriebe\u00f6l Sp\u00fclung wird der Getriebe\u00f6lfilter ebenfalls erneuert. Bei Getrieben mit einstellbaren Bremsb\u00e4ndern werden diese grundeingestellt.<br \/>Anschlie\u00dfend wird die Durchflu\u00dfmenge durch den \u00d6lk\u00fchler gemessen (soll = ca. 1L \/ 20 Sek).<\/span><\/p>\n<p><span class=\"text_exposed_show\" style=\"color: #000000;\">Die Kosten variieren je nach Getriebe\u00f6lmenge, verbautem Getriebe, Zug\u00e4nglichkeit zu den Trennstellen der \u00d6lk\u00fchlerleitungen und ggf. erforderlichen Bremsbandeinstellungen.\u00a0<\/span><\/p>\n<p><a href=\"http:\/\/www.aringer-automobiltechnik.de\/index.php\/kontakt\/\">Sprechen Sie\u00a0uns an!<\/a><\/p>\n<p><img data-recalc-dims=\"1\" loading=\"lazy\" decoding=\"async\" data-attachment-id=\"336\" data-permalink=\"https:\/\/www.aringer-automobiltechnik.de\/index.php\/werkstatt\/aringer-autowerkstatt-herford-1-2\/#main\" data-orig-file=\"https:\/\/i0.wp.com\/www.aringer-automobiltechnik.de\/wp-content\/uploads\/2016\/02\/Aringer-Autowerkstatt-Herford-1-1.jpg?fit=2784%2C1856&amp;ssl=1\" data-orig-size=\"2784,1856\" data-comments-opened=\"0\" data-image-meta=\"{&quot;aperture&quot;:&quot;2.8&quot;,&quot;credit&quot;:&quot;&quot;,&quot;camera&quot;:&quot;DSC-R1&quot;,&quot;caption&quot;:&quot;&quot;,&quot;created_timestamp&quot;:&quot;1242040453&quot;,&quot;copyright&quot;:&quot;&quot;,&quot;focal_length&quot;:&quot;14.3&quot;,&quot;iso&quot;:&quot;320&quot;,&quot;shutter_speed&quot;:&quot;0.0333333333333&quot;,&quot;title&quot;:&quot;&quot;,&quot;orientation&quot;:&quot;1&quot;}\" data-image-title=\"Aringer Autowerkstatt Herford\" data-image-description=\"&lt;p&gt;Aringer Autowerkstatt Herford&lt;\/p&gt;\n\" data-image-caption=\"&lt;p&gt;Hier schraubt der Chef noch selbst&lt;\/p&gt;\n\" data-large-file=\"https:\/\/i0.wp.com\/www.aringer-automobiltechnik.de\/wp-content\/uploads\/2016\/02\/Aringer-Autowerkstatt-Herford-1-1.jpg?fit=632%2C422&amp;ssl=1\" class=\"alignnone size-large wp-image-336\" src=\"https:\/\/i0.wp.com\/www.aringer-automobiltechnik.de\/wp-content\/uploads\/2016\/02\/Aringer-Autowerkstatt-Herford-1-1-1024x683.jpg?resize=632%2C422\" alt=\"Aringer Autowerkstatt Herford\" width=\"632\" height=\"422\" srcset=\"https:\/\/i0.wp.com\/www.aringer-automobiltechnik.de\/wp-content\/uploads\/2016\/02\/Aringer-Autowerkstatt-Herford-1-1.jpg?resize=1024%2C683&amp;ssl=1 1024w, https:\/\/i0.wp.com\/www.aringer-automobiltechnik.de\/wp-content\/uploads\/2016\/02\/Aringer-Autowerkstatt-Herford-1-1.jpg?resize=300%2C200&amp;ssl=1 300w, https:\/\/i0.wp.com\/www.aringer-automobiltechnik.de\/wp-content\/uploads\/2016\/02\/Aringer-Autowerkstatt-Herford-1-1.jpg?resize=768%2C512&amp;ssl=1 768w, https:\/\/i0.wp.com\/www.aringer-automobiltechnik.de\/wp-content\/uploads\/2016\/02\/Aringer-Autowerkstatt-Herford-1-1.jpg?w=1264&amp;ssl=1 1264w, https:\/\/i0.wp.com\/www.aringer-automobiltechnik.de\/wp-content\/uploads\/2016\/02\/Aringer-Autowerkstatt-Herford-1-1.jpg?w=1896&amp;ssl=1 1896w\" sizes=\"auto, (max-width: 632px) 100vw, 632px\" \/><\/p>","protected":false},"excerpt":{"rendered":"<p>Automatikgetriebe\u00f6l &#8211; Sp\u00fclungen vermeiden beziehungsweise beheben diverse\u00a0Getriebeprobleme bei Automatikgetrieben und DSG &#8211; Getrieben. Wir sp\u00fclen alle Getriebefabrikate gem\u00e4\u00df der bew\u00e4hrten &#8222;Tim Eckart Methode&#8220;. Tim ist ein echter schw\u00e4bischer T\u00fcftler. Durch seine Erfindung sind schon viele Getriebe-Erneuerungen verhindert worden! Der Ablauf: Bei laufendem Antriebsstrang wird das\u00a0Getriebe\u00f6l\u00a0durch das in die Getriebe\u00f6lleitung vom\u00a0Automatikgetriebe zum Getriebek\u00fchler\u00a0geschaltete Getriebe &#8211;\u00a0Sp\u00fclger\u00e4t\u00a0gewechselt, nachdem [&hellip;]<\/p>\n","protected":false},"author":1003,"featured_media":0,"parent":2,"menu_order":0,"comment_status":"closed","ping_status":"closed","template":"","meta":{"_monsterinsights_skip_tracking":false,"_monsterinsights_sitenote_active":false,"_monsterinsights_sitenote_note":"","_monsterinsights_sitenote_category":0,"footnotes":""},"class_list":["post-972","page","type-page","status-publish","hentry","entry"],"yoast_head":"<!-- This site is optimized with the Yoast SEO plugin v27.5 - https:\/\/yoast.com\/product\/yoast-seo-wordpress\/ -->\n<title>Automatikgetriebe\u00f6l Sp\u00fclung &#8226; Aringer Automobiltechnik<\/title>\n<meta name=\"robots\" content=\"index, follow, max-snippet:-1, max-image-preview:large, max-video-preview:-1\" \/>\n<link rel=\"canonical\" href=\"https:\/\/www.aringer-automobiltechnik.de\/index.php\/service\/automatikgetriebeoel\/\" \/>\n<meta property=\"og:locale\" content=\"de_DE\" \/>\n<meta property=\"og:type\" content=\"article\" \/>\n<meta property=\"og:title\" content=\"Automatikgetriebe\u00f6l Sp\u00fclung &#8226; Aringer Automobiltechnik\" \/>\n<meta property=\"og:description\" content=\"Automatikgetriebe\u00f6l &#8211; Sp\u00fclungen vermeiden beziehungsweise beheben diverse\u00a0Getriebeprobleme bei Automatikgetrieben und DSG &#8211; Getrieben. Wir sp\u00fclen alle Getriebefabrikate gem\u00e4\u00df der bew\u00e4hrten &#8222;Tim Eckart Methode&#8220;. Tim ist ein echter schw\u00e4bischer T\u00fcftler. Durch seine Erfindung sind schon viele Getriebe-Erneuerungen verhindert worden! Der Ablauf: Bei laufendem Antriebsstrang wird das\u00a0Getriebe\u00f6l\u00a0durch das in die Getriebe\u00f6lleitung vom\u00a0Automatikgetriebe zum Getriebek\u00fchler\u00a0geschaltete Getriebe &#8211;\u00a0Sp\u00fclger\u00e4t\u00a0gewechselt, nachdem [&hellip;]\" \/>\n<meta property=\"og:url\" content=\"https:\/\/www.aringer-automobiltechnik.de\/index.php\/service\/automatikgetriebeoel\/\" \/>\n<meta property=\"og:site_name\" content=\"Aringer Automobiltechnik\" \/>\n<meta property=\"article:publisher\" content=\"https:\/\/de-de.facebook.com\/AringerAuto\/\" \/>\n<meta property=\"article:modified_time\" content=\"2019-09-20T07:08:45+00:00\" \/>\n<meta property=\"og:image\" content=\"https:\/\/www.aringer-automobiltechnik.de\/wp-content\/uploads\/2016\/01\/Automatikgetriebe\u00f6l-Sp\u00fclung-au\u00dfen.jpg\" \/>\n<meta name=\"twitter:card\" content=\"summary_large_image\" \/>\n<meta name=\"twitter:label1\" content=\"Gesch\u00e4tzte Lesezeit\" \/>\n\t<meta name=\"twitter:data1\" content=\"1\u00a0Minute\" \/>\n<script type=\"application\/ld+json\" class=\"yoast-schema-graph\">{\"@context\":\"https:\\\/\\\/schema.org\",\"@graph\":[{\"@type\":\"WebPage\",\"@id\":\"https:\\\/\\\/www.aringer-automobiltechnik.de\\\/index.php\\\/service\\\/automatikgetriebeoel\\\/\",\"url\":\"https:\\\/\\\/www.aringer-automobiltechnik.de\\\/index.php\\\/service\\\/automatikgetriebeoel\\\/\",\"name\":\"Automatikgetriebe\u00f6l Sp\u00fclung &#8226; Aringer Automobiltechnik\",\"isPartOf\":{\"@id\":\"https:\\\/\\\/www.aringer-automobiltechnik.de\\\/#website\"},\"primaryImageOfPage\":{\"@id\":\"https:\\\/\\\/www.aringer-automobiltechnik.de\\\/index.php\\\/service\\\/automatikgetriebeoel\\\/#primaryimage\"},\"image\":{\"@id\":\"https:\\\/\\\/www.aringer-automobiltechnik.de\\\/index.php\\\/service\\\/automatikgetriebeoel\\\/#primaryimage\"},\"thumbnailUrl\":\"https:\\\/\\\/www.aringer-automobiltechnik.de\\\/wp-content\\\/uploads\\\/2016\\\/01\\\/Patrick-Eickmeier-1024x815.jpg\",\"datePublished\":\"2017-05-08T12:01:43+00:00\",\"dateModified\":\"2019-09-20T07:08:45+00:00\",\"breadcrumb\":{\"@id\":\"https:\\\/\\\/www.aringer-automobiltechnik.de\\\/index.php\\\/service\\\/automatikgetriebeoel\\\/#breadcrumb\"},\"inLanguage\":\"de\",\"potentialAction\":[{\"@type\":\"ReadAction\",\"target\":[\"https:\\\/\\\/www.aringer-automobiltechnik.de\\\/index.php\\\/service\\\/automatikgetriebeoel\\\/\"]}]},{\"@type\":\"ImageObject\",\"inLanguage\":\"de\",\"@id\":\"https:\\\/\\\/www.aringer-automobiltechnik.de\\\/index.php\\\/service\\\/automatikgetriebeoel\\\/#primaryimage\",\"url\":\"https:\\\/\\\/i0.wp.com\\\/www.aringer-automobiltechnik.de\\\/wp-content\\\/uploads\\\/2016\\\/01\\\/Patrick-Eickmeier.jpg?fit=3069%2C2442&ssl=1\",\"contentUrl\":\"https:\\\/\\\/i0.wp.com\\\/www.aringer-automobiltechnik.de\\\/wp-content\\\/uploads\\\/2016\\\/01\\\/Patrick-Eickmeier.jpg?fit=3069%2C2442&ssl=1\",\"width\":3069,\"height\":2442,\"caption\":\"Patrick ist Spezialist f\u00fcr Getriebesp\u00fclungen\"},{\"@type\":\"BreadcrumbList\",\"@id\":\"https:\\\/\\\/www.aringer-automobiltechnik.de\\\/index.php\\\/service\\\/automatikgetriebeoel\\\/#breadcrumb\",\"itemListElement\":[{\"@type\":\"ListItem\",\"position\":1,\"name\":\"Home\",\"item\":\"https:\\\/\\\/www.aringer-automobiltechnik.de\\\/\"},{\"@type\":\"ListItem\",\"position\":2,\"name\":\"Service\",\"item\":\"https:\\\/\\\/www.aringer-automobiltechnik.de\\\/index.php\\\/service\\\/\"},{\"@type\":\"ListItem\",\"position\":3,\"name\":\"Automatikgetriebe\u00f6l Sp\u00fclung\"}]},{\"@type\":\"WebSite\",\"@id\":\"https:\\\/\\\/www.aringer-automobiltechnik.de\\\/#website\",\"url\":\"https:\\\/\\\/www.aringer-automobiltechnik.de\\\/\",\"name\":\"Aringer Automobiltechnik\",\"description\":\"Die Autowerkstatt in Herford | NRW\",\"potentialAction\":[{\"@type\":\"SearchAction\",\"target\":{\"@type\":\"EntryPoint\",\"urlTemplate\":\"https:\\\/\\\/www.aringer-automobiltechnik.de\\\/?s={search_term_string}\"},\"query-input\":{\"@type\":\"PropertyValueSpecification\",\"valueRequired\":true,\"valueName\":\"search_term_string\"}}],\"inLanguage\":\"de\"}]}<\/script>\n<!-- \/ Yoast SEO plugin. -->","yoast_head_json":{"title":"Automatikgetriebe\u00f6l Sp\u00fclung &#8226; Aringer Automobiltechnik","robots":{"index":"index","follow":"follow","max-snippet":"max-snippet:-1","max-image-preview":"max-image-preview:large","max-video-preview":"max-video-preview:-1"},"canonical":"https:\/\/www.aringer-automobiltechnik.de\/index.php\/service\/automatikgetriebeoel\/","og_locale":"de_DE","og_type":"article","og_title":"Automatikgetriebe\u00f6l Sp\u00fclung &#8226; Aringer Automobiltechnik","og_description":"Automatikgetriebe\u00f6l &#8211; Sp\u00fclungen vermeiden beziehungsweise beheben diverse\u00a0Getriebeprobleme bei Automatikgetrieben und DSG &#8211; Getrieben. Wir sp\u00fclen alle Getriebefabrikate gem\u00e4\u00df der bew\u00e4hrten &#8222;Tim Eckart Methode&#8220;. Tim ist ein echter schw\u00e4bischer T\u00fcftler. Durch seine Erfindung sind schon viele Getriebe-Erneuerungen verhindert worden! Der Ablauf: Bei laufendem Antriebsstrang wird das\u00a0Getriebe\u00f6l\u00a0durch das in die Getriebe\u00f6lleitung vom\u00a0Automatikgetriebe zum Getriebek\u00fchler\u00a0geschaltete Getriebe &#8211;\u00a0Sp\u00fclger\u00e4t\u00a0gewechselt, nachdem [&hellip;]","og_url":"https:\/\/www.aringer-automobiltechnik.de\/index.php\/service\/automatikgetriebeoel\/","og_site_name":"Aringer Automobiltechnik","article_publisher":"https:\/\/de-de.facebook.com\/AringerAuto\/","article_modified_time":"2019-09-20T07:08:45+00:00","og_image":[{"url":"https:\/\/www.aringer-automobiltechnik.de\/wp-content\/uploads\/2016\/01\/Automatikgetriebe\u00f6l-Sp\u00fclung-au\u00dfen.jpg","type":"","width":"","height":""}],"twitter_card":"summary_large_image","twitter_misc":{"Gesch\u00e4tzte Lesezeit":"1\u00a0Minute"},"schema":{"@context":"https:\/\/schema.org","@graph":[{"@type":"WebPage","@id":"https:\/\/www.aringer-automobiltechnik.de\/index.php\/service\/automatikgetriebeoel\/","url":"https:\/\/www.aringer-automobiltechnik.de\/index.php\/service\/automatikgetriebeoel\/","name":"Automatikgetriebe\u00f6l Sp\u00fclung &#8226; Aringer Automobiltechnik","isPartOf":{"@id":"https:\/\/www.aringer-automobiltechnik.de\/#website"},"primaryImageOfPage":{"@id":"https:\/\/www.aringer-automobiltechnik.de\/index.php\/service\/automatikgetriebeoel\/#primaryimage"},"image":{"@id":"https:\/\/www.aringer-automobiltechnik.de\/index.php\/service\/automatikgetriebeoel\/#primaryimage"},"thumbnailUrl":"https:\/\/www.aringer-automobiltechnik.de\/wp-content\/uploads\/2016\/01\/Patrick-Eickmeier-1024x815.jpg","datePublished":"2017-05-08T12:01:43+00:00","dateModified":"2019-09-20T07:08:45+00:00","breadcrumb":{"@id":"https:\/\/www.aringer-automobiltechnik.de\/index.php\/service\/automatikgetriebeoel\/#breadcrumb"},"inLanguage":"de","potentialAction":[{"@type":"ReadAction","target":["https:\/\/www.aringer-automobiltechnik.de\/index.php\/service\/automatikgetriebeoel\/"]}]},{"@type":"ImageObject","inLanguage":"de","@id":"https:\/\/www.aringer-automobiltechnik.de\/index.php\/service\/automatikgetriebeoel\/#primaryimage","url":"https:\/\/i0.wp.com\/www.aringer-automobiltechnik.de\/wp-content\/uploads\/2016\/01\/Patrick-Eickmeier.jpg?fit=3069%2C2442&ssl=1","contentUrl":"https:\/\/i0.wp.com\/www.aringer-automobiltechnik.de\/wp-content\/uploads\/2016\/01\/Patrick-Eickmeier.jpg?fit=3069%2C2442&ssl=1","width":3069,"height":2442,"caption":"Patrick ist Spezialist f\u00fcr Getriebesp\u00fclungen"},{"@type":"BreadcrumbList","@id":"https:\/\/www.aringer-automobiltechnik.de\/index.php\/service\/automatikgetriebeoel\/#breadcrumb","itemListElement":[{"@type":"ListItem","position":1,"name":"Home","item":"https:\/\/www.aringer-automobiltechnik.de\/"},{"@type":"ListItem","position":2,"name":"Service","item":"https:\/\/www.aringer-automobiltechnik.de\/index.php\/service\/"},{"@type":"ListItem","position":3,"name":"Automatikgetriebe\u00f6l Sp\u00fclung"}]},{"@type":"WebSite","@id":"https:\/\/www.aringer-automobiltechnik.de\/#website","url":"https:\/\/www.aringer-automobiltechnik.de\/","name":"Aringer Automobiltechnik","description":"Die Autowerkstatt in Herford | NRW","potentialAction":[{"@type":"SearchAction","target":{"@type":"EntryPoint","urlTemplate":"https:\/\/www.aringer-automobiltechnik.de\/?s={search_term_string}"},"query-input":{"@type":"PropertyValueSpecification","valueRequired":true,"valueName":"search_term_string"}}],"inLanguage":"de"}]}},"jetpack_sharing_enabled":true,"_links":{"self":[{"href":"https:\/\/www.aringer-automobiltechnik.de\/index.php\/wp-json\/wp\/v2\/pages\/972","targetHints":{"allow":["GET"]}}],"collection":[{"href":"https:\/\/www.aringer-automobiltechnik.de\/index.php\/wp-json\/wp\/v2\/pages"}],"about":[{"href":"https:\/\/www.aringer-automobiltechnik.de\/index.php\/wp-json\/wp\/v2\/types\/page"}],"author":[{"embeddable":true,"href":"https:\/\/www.aringer-automobiltechnik.de\/index.php\/wp-json\/wp\/v2\/users\/1003"}],"replies":[{"embeddable":true,"href":"https:\/\/www.aringer-automobiltechnik.de\/index.php\/wp-json\/wp\/v2\/comments?post=972"}],"version-history":[{"count":20,"href":"https:\/\/www.aringer-automobiltechnik.de\/index.php\/wp-json\/wp\/v2\/pages\/972\/revisions"}],"predecessor-version":[{"id":1239,"href":"https:\/\/www.aringer-automobiltechnik.de\/index.php\/wp-json\/wp\/v2\/pages\/972\/revisions\/1239"}],"up":[{"embeddable":true,"href":"https:\/\/www.aringer-automobiltechnik.de\/index.php\/wp-json\/wp\/v2\/pages\/2"}],"wp:attachment":[{"href":"https:\/\/www.aringer-automobiltechnik.de\/index.php\/wp-json\/wp\/v2\/media?parent=972"}],"curies":[{"name":"wp","href":"https:\/\/api.w.org\/{rel}","templated":true}]}}