{"id":79,"date":"2016-01-16T14:07:46","date_gmt":"2016-01-16T13:07:46","guid":{"rendered":"http:\/\/www.aringer-automobiltechnik.de\/?page_id=79"},"modified":"2025-03-12T10:35:33","modified_gmt":"2025-03-12T09:35:33","slug":"links","status":"publish","type":"page","link":"https:\/\/www.aringer-automobiltechnik.de\/index.php\/links\/","title":{"rendered":"Links"},"content":{"rendered":"<header class=\"entry-header\">\n<h1 class=\"entry-title\"><a href=\"https:\/\/de-de.facebook.com\/AringerAuto\/\" target=\"_blank\" rel=\"noopener noreferrer\"><img data-recalc-dims=\"1\" loading=\"lazy\" decoding=\"async\" data-attachment-id=\"271\" data-permalink=\"https:\/\/www.aringer-automobiltechnik.de\/index.php\/links\/facebook\/#main\" data-orig-file=\"https:\/\/i0.wp.com\/www.aringer-automobiltechnik.de\/wp-content\/uploads\/2016\/02\/facebook.jpg?fit=200%2C66&amp;ssl=1\" data-orig-size=\"200,66\" data-comments-opened=\"0\" data-image-meta=\"{&quot;aperture&quot;:&quot;0&quot;,&quot;credit&quot;:&quot;&quot;,&quot;camera&quot;:&quot;&quot;,&quot;caption&quot;:&quot;&quot;,&quot;created_timestamp&quot;:&quot;0&quot;,&quot;copyright&quot;:&quot;&quot;,&quot;focal_length&quot;:&quot;0&quot;,&quot;iso&quot;:&quot;0&quot;,&quot;shutter_speed&quot;:&quot;0&quot;,&quot;title&quot;:&quot;&quot;,&quot;orientation&quot;:&quot;0&quot;}\" data-image-title=\"facebook Link\" data-image-description=\"&lt;p&gt;facebook Link&lt;\/p&gt;\n\" data-image-caption=\"&lt;p&gt;Follow us on Facebook&lt;\/p&gt;\n\" data-large-file=\"https:\/\/i0.wp.com\/www.aringer-automobiltechnik.de\/wp-content\/uploads\/2016\/02\/facebook.jpg?fit=200%2C66&amp;ssl=1\" class=\"alignleft wp-image-271 size-full\" src=\"https:\/\/i0.wp.com\/www.aringer-automobiltechnik.de\/wp-content\/uploads\/2016\/02\/facebook.jpg?resize=200%2C66\" alt=\"facebook Link\" width=\"200\" height=\"66\" \/><\/a><\/h1>\n<\/header>\n<p><strong>\u00a0 \u00a0<\/strong><\/p>\n<p><strong>\u00a0 <\/strong>\u00a0<a href=\"https:\/\/de-de.facebook.com\/AringerAuto\/\" target=\"_blank\" rel=\"noopener noreferrer\">\u2192 auch ohne Anmeldung lesbar!<\/a><\/p>\n<p><span style=\"color: #ffffff;\">.<\/span><\/p>\n<div style=\"text-align: left;\">\n<h5 style=\"text-align: left;\"><a href=\"http:\/\/adresse.dastelefonbuch.de\/Herford\/2-Glas-und-Porzellanwaren-Zentrale-Autoglas-Herford-GmbH-Herford-F\u00fcllenbruchstr.html\" target=\"_blank\" rel=\"noopener noreferrer\">Zentrale Autoglas Herford<\/a><\/h5>\n<div style=\"text-align: left;\"><span style=\"color: #333333;\">Kooperation mit der Zentrale Autoglas Herford GmbH<\/span><\/div>\n<div style=\"text-align: left;\"><span style=\"color: #333333;\">Auf dem Firmengel\u00e4nde befindet sich ein Autoglaser. Scheiben aller Automodelle k\u00f6nnen in k\u00fcrzester Zeit ausgebessert oder\u00a0ausgetauscht werden.<\/span><\/div>\n<\/div>\n<div style=\"text-align: left;\"><span style=\"color: #ffffff;\">.<\/span><\/div>\n<div style=\"text-align: left;\">\n<h5 style=\"text-align: left;\"><a href=\"http:\/\/www.bewa-kfz.de\/html\/impressum.html\" target=\"_blank\" rel=\"noopener noreferrer\">Unser Abschleppdienst BEWA in Herford, Bad Salzuflen, Lemgo und Lage<\/a><\/h5>\n<div style=\"text-align: left;\"><span style=\"color: #333333;\">Kooperation mit dem Abschleppdienst von Firma BEWA aus Herford, Bad Salzuflen und Lemgo. 24h Notdienst-Hotline unter <\/span><strong>05221\/980980<\/strong><span style=\"color: #333333;\">.<\/span><\/div>\n<\/div>\n<div style=\"text-align: left;\"><span style=\"color: #ffffff;\">\u00a0<\/span><\/div>\n<div style=\"text-align: left;\">\n<h5><a href=\"https:\/\/g.co\/kgs\/Jts8mp\" target=\"_blank\" rel=\"noopener noreferrer\">Sachverst\u00e4ndigenb\u00fcro Olaf Brummer<\/a><\/h5>\n<div><span style=\"color: #333333;\">Kooperation mit einem Partner T\u00dcV NORD.<\/span><\/div>\n<div><span style=\"color: #333333;\">Direkt in unseren\u00a0Firmenr\u00e4umlichkeiten f\u00fchrt der Sachverst\u00e4ndige Olaf Brummer s\u00e4mtliche\u00a0Kfz-Pr\u00fcfungen (HU\/AU) und Sachverst\u00e4ndigent\u00e4tigkeiten durch.<\/span><\/div>\n<div><span style=\"color: #ffffff;\">.\u00a0<\/span><\/div>\n<\/div>\n<h5 style=\"text-align: left;\"><a href=\"http:\/\/www.physioforum-ines-eckel.de\" target=\"_blank\" rel=\"noopener noreferrer\">Physioforum Ines Eckel<\/a><\/h5>\n<div style=\"text-align: left;\"><span style=\"color: #333333;\">Verbinden Sie Ihren Werkstatt-Termin mit einer Massage!<strong>\u00a0<\/strong><\/span><\/div>\n<div style=\"text-align: left;\"><span style=\"color: #333333;\">Direkt neben\u00a0dem Firmengel\u00e4nde liegt das Physioforum von Frau Ines Eckel. G\u00f6nnen Sie sich eine entspannende Massage w\u00e4hrend wir nebenan Ihr Auto &#8222;verw\u00f6hnen&#8220;.<\/span><\/div>\n<div style=\"text-align: left;\"><span style=\"color: #ffffff;\">.<\/span><\/div>\n<div style=\"text-align: left;\">\n<h5 style=\"text-align: left;\"><a href=\"https:\/\/www.h2o-herford.de\" target=\"_blank\" rel=\"noopener noreferrer\">H20 &#8211; Das Wellness-, Sport- und Freizeitbad<\/a><\/h5>\n<div style=\"text-align: left;\"><span style=\"color: #333333;\">Verbinden Sie Ihren Werkstatt-Termin mit einem Besuch im &#8222;H2O&#8220; Herford!<strong>\u00a0<\/strong><\/span><\/div>\n<div style=\"text-align: left;\"><span style=\"color: #333333;\">Das beliebte Wellness-, Sport- und Freizeitbad ist rund 5 km von unserem Standort entfernt.\u00a0<\/span><\/div>\n<\/div>\n<div style=\"text-align: left;\"><span style=\"color: #ffffff;\">.\u00a0<\/span><\/div>\n<div style=\"text-align: left;\">\n<hr \/>\n<\/div>\n<div>\n<div style=\"text-align: left;\"><\/div>\n<h5><a href=\"http:\/\/tierheim-vlotho.de\" target=\"_blank\" rel=\"noopener noreferrer\">Tierheim Vlotho<\/a><\/h5>\n<div><span style=\"color: #333333;\">Wir unterst\u00fctzen den Tierschutz im Kreis Herford und spenden j\u00e4hrlich\u00a0im Rahmen einer\u00a0Mitgliedschaft.<\/span><\/div>\n<div><span style=\"color: #000000;\">\u00a0<\/span><\/div>\n<\/div>\n","protected":false},"excerpt":{"rendered":"<p>\u00a0 \u00a0 \u00a0 \u00a0\u2192 auch ohne Anmeldung lesbar! . Zentrale Autoglas Herford Kooperation mit der Zentrale Autoglas Herford GmbH Auf dem Firmengel\u00e4nde befindet sich ein Autoglaser. Scheiben aller Automodelle k\u00f6nnen in k\u00fcrzester Zeit ausgebessert oder\u00a0ausgetauscht werden. . Unser Abschleppdienst BEWA in Herford, Bad Salzuflen, Lemgo und Lage Kooperation mit dem Abschleppdienst von Firma BEWA aus [&hellip;]<\/p>\n","protected":false},"author":1003,"featured_media":0,"parent":0,"menu_order":7,"comment_status":"closed","ping_status":"closed","template":"template-full.php","meta":{"_monsterinsights_skip_tracking":false,"_monsterinsights_sitenote_active":false,"_monsterinsights_sitenote_note":"","_monsterinsights_sitenote_category":0,"footnotes":""},"class_list":["post-79","page","type-page","status-publish","hentry","entry"],"yoast_head":"<!-- This site is optimized with the Yoast SEO plugin v27.3 - https:\/\/yoast.com\/product\/yoast-seo-wordpress\/ -->\n<title>Links &#8226; Aringer Automobiltechnik<\/title>\n<meta name=\"description\" content=\"\u2192 Facebook. Links unserer Partner: KfZ-Sachverst\u00e4ndiger \/ T\u00fcV, Zentrale Autoglas, Physio Ines Eckel\" \/>\n<meta name=\"robots\" content=\"index, follow, max-snippet:-1, max-image-preview:large, max-video-preview:-1\" \/>\n<link rel=\"canonical\" href=\"https:\/\/www.aringer-automobiltechnik.de\/index.php\/links\/\" \/>\n<meta property=\"og:locale\" content=\"de_DE\" \/>\n<meta property=\"og:type\" content=\"article\" \/>\n<meta property=\"og:title\" content=\"Links &#8226; Aringer Automobiltechnik\" \/>\n<meta property=\"og:description\" content=\"\u2192 Facebook. Links unserer Partner: KfZ-Sachverst\u00e4ndiger \/ T\u00fcV, Zentrale Autoglas, Physio Ines Eckel\" \/>\n<meta property=\"og:url\" content=\"https:\/\/www.aringer-automobiltechnik.de\/index.php\/links\/\" \/>\n<meta property=\"og:site_name\" content=\"Aringer Automobiltechnik\" \/>\n<meta property=\"article:publisher\" content=\"https:\/\/de-de.facebook.com\/AringerAuto\/\" \/>\n<meta property=\"article:modified_time\" content=\"2025-03-12T09:35:33+00:00\" \/>\n<meta property=\"og:image\" content=\"http:\/\/www.aringer-automobiltechnik.de\/wp-content\/uploads\/2016\/02\/facebook.jpg\" \/>\n<meta name=\"twitter:card\" content=\"summary_large_image\" \/>\n<meta name=\"twitter:label1\" content=\"Gesch\u00e4tzte Lesezeit\" \/>\n\t<meta name=\"twitter:data1\" content=\"1\u00a0Minute\" \/>\n<script type=\"application\/ld+json\" class=\"yoast-schema-graph\">{\"@context\":\"https:\\\/\\\/schema.org\",\"@graph\":[{\"@type\":\"WebPage\",\"@id\":\"https:\\\/\\\/www.aringer-automobiltechnik.de\\\/index.php\\\/links\\\/\",\"url\":\"https:\\\/\\\/www.aringer-automobiltechnik.de\\\/index.php\\\/links\\\/\",\"name\":\"Links &#8226; Aringer Automobiltechnik\",\"isPartOf\":{\"@id\":\"https:\\\/\\\/www.aringer-automobiltechnik.de\\\/#website\"},\"primaryImageOfPage\":{\"@id\":\"https:\\\/\\\/www.aringer-automobiltechnik.de\\\/index.php\\\/links\\\/#primaryimage\"},\"image\":{\"@id\":\"https:\\\/\\\/www.aringer-automobiltechnik.de\\\/index.php\\\/links\\\/#primaryimage\"},\"thumbnailUrl\":\"http:\\\/\\\/www.aringer-automobiltechnik.de\\\/wp-content\\\/uploads\\\/2016\\\/02\\\/facebook.jpg\",\"datePublished\":\"2016-01-16T13:07:46+00:00\",\"dateModified\":\"2025-03-12T09:35:33+00:00\",\"description\":\"\u2192 Facebook. Links unserer Partner: KfZ-Sachverst\u00e4ndiger \\\/ T\u00fcV, Zentrale Autoglas, Physio Ines Eckel\",\"breadcrumb\":{\"@id\":\"https:\\\/\\\/www.aringer-automobiltechnik.de\\\/index.php\\\/links\\\/#breadcrumb\"},\"inLanguage\":\"de\",\"potentialAction\":[{\"@type\":\"ReadAction\",\"target\":[\"https:\\\/\\\/www.aringer-automobiltechnik.de\\\/index.php\\\/links\\\/\"]}]},{\"@type\":\"ImageObject\",\"inLanguage\":\"de\",\"@id\":\"https:\\\/\\\/www.aringer-automobiltechnik.de\\\/index.php\\\/links\\\/#primaryimage\",\"url\":\"http:\\\/\\\/www.aringer-automobiltechnik.de\\\/wp-content\\\/uploads\\\/2016\\\/02\\\/facebook.jpg\",\"contentUrl\":\"http:\\\/\\\/www.aringer-automobiltechnik.de\\\/wp-content\\\/uploads\\\/2016\\\/02\\\/facebook.jpg\"},{\"@type\":\"BreadcrumbList\",\"@id\":\"https:\\\/\\\/www.aringer-automobiltechnik.de\\\/index.php\\\/links\\\/#breadcrumb\",\"itemListElement\":[{\"@type\":\"ListItem\",\"position\":1,\"name\":\"Home\",\"item\":\"https:\\\/\\\/www.aringer-automobiltechnik.de\\\/\"},{\"@type\":\"ListItem\",\"position\":2,\"name\":\"Links\"}]},{\"@type\":\"WebSite\",\"@id\":\"https:\\\/\\\/www.aringer-automobiltechnik.de\\\/#website\",\"url\":\"https:\\\/\\\/www.aringer-automobiltechnik.de\\\/\",\"name\":\"Aringer Automobiltechnik\",\"description\":\"Die Autowerkstatt in Herford | NRW\",\"potentialAction\":[{\"@type\":\"SearchAction\",\"target\":{\"@type\":\"EntryPoint\",\"urlTemplate\":\"https:\\\/\\\/www.aringer-automobiltechnik.de\\\/?s={search_term_string}\"},\"query-input\":{\"@type\":\"PropertyValueSpecification\",\"valueRequired\":true,\"valueName\":\"search_term_string\"}}],\"inLanguage\":\"de\"}]}<\/script>\n<!-- \/ Yoast SEO plugin. -->","yoast_head_json":{"title":"Links &#8226; Aringer Automobiltechnik","description":"\u2192 Facebook. Links unserer Partner: KfZ-Sachverst\u00e4ndiger \/ T\u00fcV, Zentrale Autoglas, Physio Ines Eckel","robots":{"index":"index","follow":"follow","max-snippet":"max-snippet:-1","max-image-preview":"max-image-preview:large","max-video-preview":"max-video-preview:-1"},"canonical":"https:\/\/www.aringer-automobiltechnik.de\/index.php\/links\/","og_locale":"de_DE","og_type":"article","og_title":"Links &#8226; Aringer Automobiltechnik","og_description":"\u2192 Facebook. Links unserer Partner: KfZ-Sachverst\u00e4ndiger \/ T\u00fcV, Zentrale Autoglas, Physio Ines Eckel","og_url":"https:\/\/www.aringer-automobiltechnik.de\/index.php\/links\/","og_site_name":"Aringer Automobiltechnik","article_publisher":"https:\/\/de-de.facebook.com\/AringerAuto\/","article_modified_time":"2025-03-12T09:35:33+00:00","og_image":[{"url":"http:\/\/www.aringer-automobiltechnik.de\/wp-content\/uploads\/2016\/02\/facebook.jpg","type":"","width":"","height":""}],"twitter_card":"summary_large_image","twitter_misc":{"Gesch\u00e4tzte Lesezeit":"1\u00a0Minute"},"schema":{"@context":"https:\/\/schema.org","@graph":[{"@type":"WebPage","@id":"https:\/\/www.aringer-automobiltechnik.de\/index.php\/links\/","url":"https:\/\/www.aringer-automobiltechnik.de\/index.php\/links\/","name":"Links &#8226; Aringer Automobiltechnik","isPartOf":{"@id":"https:\/\/www.aringer-automobiltechnik.de\/#website"},"primaryImageOfPage":{"@id":"https:\/\/www.aringer-automobiltechnik.de\/index.php\/links\/#primaryimage"},"image":{"@id":"https:\/\/www.aringer-automobiltechnik.de\/index.php\/links\/#primaryimage"},"thumbnailUrl":"http:\/\/www.aringer-automobiltechnik.de\/wp-content\/uploads\/2016\/02\/facebook.jpg","datePublished":"2016-01-16T13:07:46+00:00","dateModified":"2025-03-12T09:35:33+00:00","description":"\u2192 Facebook. Links unserer Partner: KfZ-Sachverst\u00e4ndiger \/ T\u00fcV, Zentrale Autoglas, Physio Ines Eckel","breadcrumb":{"@id":"https:\/\/www.aringer-automobiltechnik.de\/index.php\/links\/#breadcrumb"},"inLanguage":"de","potentialAction":[{"@type":"ReadAction","target":["https:\/\/www.aringer-automobiltechnik.de\/index.php\/links\/"]}]},{"@type":"ImageObject","inLanguage":"de","@id":"https:\/\/www.aringer-automobiltechnik.de\/index.php\/links\/#primaryimage","url":"http:\/\/www.aringer-automobiltechnik.de\/wp-content\/uploads\/2016\/02\/facebook.jpg","contentUrl":"http:\/\/www.aringer-automobiltechnik.de\/wp-content\/uploads\/2016\/02\/facebook.jpg"},{"@type":"BreadcrumbList","@id":"https:\/\/www.aringer-automobiltechnik.de\/index.php\/links\/#breadcrumb","itemListElement":[{"@type":"ListItem","position":1,"name":"Home","item":"https:\/\/www.aringer-automobiltechnik.de\/"},{"@type":"ListItem","position":2,"name":"Links"}]},{"@type":"WebSite","@id":"https:\/\/www.aringer-automobiltechnik.de\/#website","url":"https:\/\/www.aringer-automobiltechnik.de\/","name":"Aringer Automobiltechnik","description":"Die Autowerkstatt in Herford | NRW","potentialAction":[{"@type":"SearchAction","target":{"@type":"EntryPoint","urlTemplate":"https:\/\/www.aringer-automobiltechnik.de\/?s={search_term_string}"},"query-input":{"@type":"PropertyValueSpecification","valueRequired":true,"valueName":"search_term_string"}}],"inLanguage":"de"}]}},"jetpack_sharing_enabled":true,"_links":{"self":[{"href":"https:\/\/www.aringer-automobiltechnik.de\/index.php\/wp-json\/wp\/v2\/pages\/79","targetHints":{"allow":["GET"]}}],"collection":[{"href":"https:\/\/www.aringer-automobiltechnik.de\/index.php\/wp-json\/wp\/v2\/pages"}],"about":[{"href":"https:\/\/www.aringer-automobiltechnik.de\/index.php\/wp-json\/wp\/v2\/types\/page"}],"author":[{"embeddable":true,"href":"https:\/\/www.aringer-automobiltechnik.de\/index.php\/wp-json\/wp\/v2\/users\/1003"}],"replies":[{"embeddable":true,"href":"https:\/\/www.aringer-automobiltechnik.de\/index.php\/wp-json\/wp\/v2\/comments?post=79"}],"version-history":[{"count":72,"href":"https:\/\/www.aringer-automobiltechnik.de\/index.php\/wp-json\/wp\/v2\/pages\/79\/revisions"}],"predecessor-version":[{"id":1410,"href":"https:\/\/www.aringer-automobiltechnik.de\/index.php\/wp-json\/wp\/v2\/pages\/79\/revisions\/1410"}],"wp:attachment":[{"href":"https:\/\/www.aringer-automobiltechnik.de\/index.php\/wp-json\/wp\/v2\/media?parent=79"}],"curies":[{"name":"wp","href":"https:\/\/api.w.org\/{rel}","templated":true}]}}