{"id":15,"date":"2016-01-02T18:47:22","date_gmt":"2016-01-02T17:47:22","guid":{"rendered":"http:\/\/www.aringer-automobiltechnik.de\/?page_id=15"},"modified":"2019-09-20T08:50:19","modified_gmt":"2019-09-20T06:50:19","slug":"werkstatt","status":"publish","type":"page","link":"https:\/\/www.aringer-automobiltechnik.de\/index.php\/werkstatt\/","title":{"rendered":"Werkstatt"},"content":{"rendered":"<h3><img data-recalc-dims=\"1\" loading=\"lazy\" decoding=\"async\" data-attachment-id=\"1232\" data-permalink=\"https:\/\/www.aringer-automobiltechnik.de\/index.php\/werkstatt\/1-dsc08531\/#main\" data-orig-file=\"https:\/\/i0.wp.com\/www.aringer-automobiltechnik.de\/wp-content\/uploads\/2019\/09\/1-DSC08531-e1568961758434.jpg?fit=2784%2C974&amp;ssl=1\" data-orig-size=\"2784,974\" data-comments-opened=\"0\" data-image-meta=\"{&quot;aperture&quot;:&quot;2.8&quot;,&quot;credit&quot;:&quot;&quot;,&quot;camera&quot;:&quot;DSC-R1&quot;,&quot;caption&quot;:&quot;&quot;,&quot;created_timestamp&quot;:&quot;1242040453&quot;,&quot;copyright&quot;:&quot;&quot;,&quot;focal_length&quot;:&quot;14.3&quot;,&quot;iso&quot;:&quot;320&quot;,&quot;shutter_speed&quot;:&quot;0.0333333333333&quot;,&quot;title&quot;:&quot;&quot;,&quot;orientation&quot;:&quot;1&quot;}\" data-image-title=\"1 DSC08531\" data-image-description=\"\" data-image-caption=\"\" data-large-file=\"https:\/\/i0.wp.com\/www.aringer-automobiltechnik.de\/wp-content\/uploads\/2019\/09\/1-DSC08531-e1568961758434.jpg?fit=632%2C221&amp;ssl=1\" class=\"wp-image-1232 size-large alignnone\" src=\"https:\/\/i0.wp.com\/www.aringer-automobiltechnik.de\/wp-content\/uploads\/2019\/09\/1-DSC08531-e1568961758434-1024x358.jpg?resize=632%2C221&#038;ssl=1\" alt=\"\" width=\"632\" height=\"221\" srcset=\"https:\/\/i0.wp.com\/www.aringer-automobiltechnik.de\/wp-content\/uploads\/2019\/09\/1-DSC08531-e1568961758434.jpg?resize=1024%2C358&amp;ssl=1 1024w, https:\/\/i0.wp.com\/www.aringer-automobiltechnik.de\/wp-content\/uploads\/2019\/09\/1-DSC08531-e1568961758434.jpg?resize=300%2C105&amp;ssl=1 300w, https:\/\/i0.wp.com\/www.aringer-automobiltechnik.de\/wp-content\/uploads\/2019\/09\/1-DSC08531-e1568961758434.jpg?resize=768%2C269&amp;ssl=1 768w, https:\/\/i0.wp.com\/www.aringer-automobiltechnik.de\/wp-content\/uploads\/2019\/09\/1-DSC08531-e1568961758434.jpg?w=1264&amp;ssl=1 1264w, https:\/\/i0.wp.com\/www.aringer-automobiltechnik.de\/wp-content\/uploads\/2019\/09\/1-DSC08531-e1568961758434.jpg?w=1896&amp;ssl=1 1896w\" sizes=\"auto, (max-width: 632px) 100vw, 632px\" \/><\/h3>\n<h3><span style=\"color: #000000;\">Einmal in die Werkstatt &#8222;schnuppern&#8220;?<\/span><\/h3>\n<div>\n<p><span style=\"color: #000000;\">Das ist bei uns ganz normal. Vom Annahme-Bereich aus k\u00f6nnen Sie durch eine breite Glasfront das Werkstattgeschehen beobachten.<\/span><\/p>\n<p><span style=\"color: #000000;\">Hier an unserem Standort in Herford stehen uns rund <strong>1.000 m\u00b2 Werkstattfl\u00e4che<\/strong> zur Verf\u00fcgung mit <strong>umfangreicher Ausstattung<\/strong>, Hebeb\u00fchnen, LKW-Grube\u00a0und Spezialwerkzeugen.<\/span><br \/>\n<span style=\"color: #000000;\"> Ob Kleinwagen, Muscle Car oder LKW &#8211; <strong>s\u00e4mtliche Fahrzeuge mit<\/strong> <strong>bis zu 5 Tonnen <\/strong>zul\u00e4ssigem Gesamtgewicht\u00a0werden in unserer Werkstatt &#8222;verarztet&#8220;.<\/span><\/p>\n<p><span style=\"color: #000000;\">Direkt auf dem Firmengel\u00e4nde befindet sich der &#8222;KfZ-Pr\u00fcfst\u00fctzpunkt Herford&#8220; \/\u00a0<strong>Sachverst\u00e4ndigenb\u00fcro vom T\u00fcV Rheinland<\/strong>\u00a0sowie die \u201e<strong>Zentrale<\/strong> <strong>Autoglas Herford<\/strong>&#8220; mit denen wir eng\u00a0kooperieren.<\/span><\/p>\n<p><span style=\"color: #000000;\">Der Umwelt zuliebe produzieren wir den Gro\u00dfteil an Strom, den unser Betrieb verbraucht, selbst. Auf rund 1.000 m\u00b2 Dachfl\u00e4che ist eine Photovoltaik-Anlage installiert, die pro Jahr mehrere Tonnen Co2-Aussto\u00df einspart.\u00a0<\/span><\/p>\n<p><span style=\"color: #000000;\">In der Annahme werden Sie im <strong>angenehmen\u00a0Ambiente\u00a0<\/strong>begr\u00fc\u00dft. Mit einer Kaffeebar und Zeitschriften sorgen wir daf\u00fcr Ihnen eventuelle Wartezeiten so angenehm wie m\u00f6glich zu machen.<\/span><\/p>\n<p><span style=\"color: #000000;\"><strong>Parkpl\u00e4tze<\/strong> stehen Ihnen direkt auf dem Firmengel\u00e4nde zur Verf\u00fcgung.<\/span><\/p>\n<\/div>\n<p><span style=\"color: #000000;\">Kinder d\u00fcrfen gern in Begleitung eines Erwachsenen in die Werkstatt schnuppern. F<\/span><span style=\"color: #000000;\">\u00fcr brave Hunde gibt\u00b4s von uns ein Leckerli.<\/span><\/p>\n<h3 style=\"text-align: center;\"><a href=\"https:\/\/www.google.de\/maps\/place\/Aringer+Automobiltechnik+e.K.\/@52.13275,8.6334314,17z\/data=!3m1!4b1!4m2!3m1!1s0x47ba14db4a45313f:0x51fd58878b55edf0\" target=\"_blank\" rel=\"noopener noreferrer\">Ihr Weg zu uns<\/a><\/h3>\n<hr \/>\n<div><img data-recalc-dims=\"1\" loading=\"lazy\" decoding=\"async\" data-attachment-id=\"266\" data-permalink=\"https:\/\/www.aringer-automobiltechnik.de\/index.php\/werkstatt\/autowerkstatt-herford-1\/#main\" data-orig-file=\"https:\/\/i0.wp.com\/www.aringer-automobiltechnik.de\/wp-content\/uploads\/2016\/02\/Autowerkstatt-Herford-1.jpg?fit=980%2C735&amp;ssl=1\" data-orig-size=\"980,735\" data-comments-opened=\"0\" data-image-meta=\"{&quot;aperture&quot;:&quot;0&quot;,&quot;credit&quot;:&quot;&quot;,&quot;camera&quot;:&quot;&quot;,&quot;caption&quot;:&quot;&quot;,&quot;created_timestamp&quot;:&quot;0&quot;,&quot;copyright&quot;:&quot;&quot;,&quot;focal_length&quot;:&quot;0&quot;,&quot;iso&quot;:&quot;0&quot;,&quot;shutter_speed&quot;:&quot;0&quot;,&quot;title&quot;:&quot;&quot;,&quot;orientation&quot;:&quot;0&quot;}\" data-image-title=\"Autowerkstatt Herford 1\" data-image-description=\"&lt;p&gt;Autowerkstatt Herford&lt;\/p&gt;\n\" data-image-caption=\"\" data-large-file=\"https:\/\/i0.wp.com\/www.aringer-automobiltechnik.de\/wp-content\/uploads\/2016\/02\/Autowerkstatt-Herford-1.jpg?fit=632%2C474&amp;ssl=1\" class=\"alignnone wp-image-266 \" src=\"https:\/\/i0.wp.com\/www.aringer-automobiltechnik.de\/wp-content\/uploads\/2016\/02\/Autowerkstatt-Herford-1.jpg?resize=632%2C474\" alt=\"Autowerkstatt Herford\" width=\"632\" height=\"474\" srcset=\"https:\/\/i0.wp.com\/www.aringer-automobiltechnik.de\/wp-content\/uploads\/2016\/02\/Autowerkstatt-Herford-1.jpg?w=980&amp;ssl=1 980w, https:\/\/i0.wp.com\/www.aringer-automobiltechnik.de\/wp-content\/uploads\/2016\/02\/Autowerkstatt-Herford-1.jpg?resize=300%2C225&amp;ssl=1 300w, https:\/\/i0.wp.com\/www.aringer-automobiltechnik.de\/wp-content\/uploads\/2016\/02\/Autowerkstatt-Herford-1.jpg?resize=768%2C576&amp;ssl=1 768w\" sizes=\"auto, (max-width: 632px) 100vw, 632px\" \/><\/div>\n<div><span style=\"color: #ffffff;\">.<\/span><\/div>\n<div><span style=\"color: #ffffff;\">.<\/span><\/div>\n<div><img data-recalc-dims=\"1\" loading=\"lazy\" decoding=\"async\" data-attachment-id=\"1233\" data-permalink=\"https:\/\/www.aringer-automobiltechnik.de\/index.php\/werkstatt\/13-a-bild-182\/#main\" data-orig-file=\"https:\/\/i0.wp.com\/www.aringer-automobiltechnik.de\/wp-content\/uploads\/2019\/09\/13-A-Bild-182-e1568962048597.jpg?fit=640%2C480&amp;ssl=1\" data-orig-size=\"640,480\" data-comments-opened=\"0\" data-image-meta=\"{&quot;aperture&quot;:&quot;4&quot;,&quot;credit&quot;:&quot;&quot;,&quot;camera&quot;:&quot;Canon PowerShot SX200 IS&quot;,&quot;caption&quot;:&quot;&quot;,&quot;created_timestamp&quot;:&quot;1340638159&quot;,&quot;copyright&quot;:&quot;&quot;,&quot;focal_length&quot;:&quot;9.79&quot;,&quot;iso&quot;:&quot;800&quot;,&quot;shutter_speed&quot;:&quot;0.05&quot;,&quot;title&quot;:&quot;&quot;,&quot;orientation&quot;:&quot;1&quot;}\" data-image-title=\"13 A Bild 182\" data-image-description=\"\" data-image-caption=\"\" data-large-file=\"https:\/\/i0.wp.com\/www.aringer-automobiltechnik.de\/wp-content\/uploads\/2019\/09\/13-A-Bild-182-e1568962048597.jpg?fit=632%2C474&amp;ssl=1\" class=\"wp-image-1233 size-large alignnone\" src=\"https:\/\/i0.wp.com\/www.aringer-automobiltechnik.de\/wp-content\/uploads\/2019\/09\/13-A-Bild-182.jpg?resize=632%2C474&#038;ssl=1\" alt=\"\" width=\"632\" height=\"474\" \/><\/div>\n<div><span style=\"color: #ffffff;\">.<\/span><\/div>\n<div><span style=\"color: #ffffff;\">.<\/span><\/div>\n<div><img data-recalc-dims=\"1\" loading=\"lazy\" decoding=\"async\" data-attachment-id=\"269\" data-permalink=\"https:\/\/www.aringer-automobiltechnik.de\/index.php\/werkstatt\/chrylser-jeep-dodge-ersatzteile\/#main\" data-orig-file=\"https:\/\/i0.wp.com\/www.aringer-automobiltechnik.de\/wp-content\/uploads\/2016\/02\/Chrylser-Jeep-Dodge-Ersatzteile.jpg?fit=3264%2C2448&amp;ssl=1\" data-orig-size=\"3264,2448\" data-comments-opened=\"0\" data-image-meta=\"{&quot;aperture&quot;:&quot;3.5&quot;,&quot;credit&quot;:&quot;&quot;,&quot;camera&quot;:&quot;Canon PowerShot S5 IS&quot;,&quot;caption&quot;:&quot;&quot;,&quot;created_timestamp&quot;:&quot;315533286&quot;,&quot;copyright&quot;:&quot;&quot;,&quot;focal_length&quot;:&quot;31.2&quot;,&quot;iso&quot;:&quot;200&quot;,&quot;shutter_speed&quot;:&quot;0.025&quot;,&quot;title&quot;:&quot;&quot;,&quot;orientation&quot;:&quot;1&quot;}\" data-image-title=\"Chrylser Jeep Dodge Ersatzteile\" data-image-description=\"&lt;p&gt;Chrylser Jeep Dodge Ersatzteile&lt;\/p&gt;\n\" data-image-caption=\"\" data-large-file=\"https:\/\/i0.wp.com\/www.aringer-automobiltechnik.de\/wp-content\/uploads\/2016\/02\/Chrylser-Jeep-Dodge-Ersatzteile.jpg?fit=632%2C474&amp;ssl=1\" class=\"alignnone wp-image-269 \" src=\"https:\/\/i0.wp.com\/www.aringer-automobiltechnik.de\/wp-content\/uploads\/2016\/02\/Chrylser-Jeep-Dodge-Ersatzteile-1024x768.jpg?resize=632%2C474\" alt=\"Chrylser Jeep Dodge Ersatzteile\" width=\"632\" height=\"474\" srcset=\"https:\/\/i0.wp.com\/www.aringer-automobiltechnik.de\/wp-content\/uploads\/2016\/02\/Chrylser-Jeep-Dodge-Ersatzteile.jpg?resize=1024%2C768&amp;ssl=1 1024w, https:\/\/i0.wp.com\/www.aringer-automobiltechnik.de\/wp-content\/uploads\/2016\/02\/Chrylser-Jeep-Dodge-Ersatzteile.jpg?resize=300%2C225&amp;ssl=1 300w, https:\/\/i0.wp.com\/www.aringer-automobiltechnik.de\/wp-content\/uploads\/2016\/02\/Chrylser-Jeep-Dodge-Ersatzteile.jpg?resize=768%2C576&amp;ssl=1 768w, https:\/\/i0.wp.com\/www.aringer-automobiltechnik.de\/wp-content\/uploads\/2016\/02\/Chrylser-Jeep-Dodge-Ersatzteile.jpg?w=1264&amp;ssl=1 1264w, https:\/\/i0.wp.com\/www.aringer-automobiltechnik.de\/wp-content\/uploads\/2016\/02\/Chrylser-Jeep-Dodge-Ersatzteile.jpg?w=1896&amp;ssl=1 1896w\" sizes=\"auto, (max-width: 632px) 100vw, 632px\" \/><\/div>\n<div>\n<div><span style=\"color: #ffffff;\">.<\/span><\/div>\n<div><span style=\"color: #ffffff;\">.<\/span><\/div>\n<\/div>\n<div>\n<div id=\"attachment_460\" style=\"width: 647px\" class=\"wp-caption alignnone\"><img data-recalc-dims=\"1\" loading=\"lazy\" decoding=\"async\" aria-describedby=\"caption-attachment-460\" data-attachment-id=\"460\" data-permalink=\"https:\/\/www.aringer-automobiltechnik.de\/index.php\/werkstatt\/automatikgetriebeoel-spuelung-aussen\/#main\" data-orig-file=\"https:\/\/i0.wp.com\/www.aringer-automobiltechnik.de\/wp-content\/uploads\/2016\/01\/Automatikgetriebe%C3%B6l-Sp%C3%BClung-au%C3%9Fen.jpg?fit=640%2C480&amp;ssl=1\" data-orig-size=\"640,480\" data-comments-opened=\"0\" data-image-meta=\"{&quot;aperture&quot;:&quot;0&quot;,&quot;credit&quot;:&quot;&quot;,&quot;camera&quot;:&quot;&quot;,&quot;caption&quot;:&quot;&quot;,&quot;created_timestamp&quot;:&quot;0&quot;,&quot;copyright&quot;:&quot;&quot;,&quot;focal_length&quot;:&quot;0&quot;,&quot;iso&quot;:&quot;0&quot;,&quot;shutter_speed&quot;:&quot;0&quot;,&quot;title&quot;:&quot;&quot;,&quot;orientation&quot;:&quot;0&quot;}\" data-image-title=\"Automatikgetriebe\u00f6l-Sp\u00fclung\" data-image-description=\"\" data-image-caption=\"&lt;p&gt;Automatikgetriebesp\u00fclger\u00e4t nach Tim Eckert&lt;\/p&gt;\n\" data-large-file=\"https:\/\/i0.wp.com\/www.aringer-automobiltechnik.de\/wp-content\/uploads\/2016\/01\/Automatikgetriebe%C3%B6l-Sp%C3%BClung-au%C3%9Fen.jpg?fit=632%2C474&amp;ssl=1\" class=\"wp-image-460\" src=\"https:\/\/i0.wp.com\/www.aringer-automobiltechnik.de\/wp-content\/uploads\/2016\/01\/Automatikgetriebe%C3%B6l-Sp%C3%BClung-au%C3%9Fen.jpg?resize=632%2C474\" alt=\"Automatikgetriebe\u00f6l-Sp\u00fclung\" width=\"632\" height=\"474\" srcset=\"https:\/\/i0.wp.com\/www.aringer-automobiltechnik.de\/wp-content\/uploads\/2016\/01\/Automatikgetriebe%C3%B6l-Sp%C3%BClung-au%C3%9Fen.jpg?w=640&amp;ssl=1 640w, https:\/\/i0.wp.com\/www.aringer-automobiltechnik.de\/wp-content\/uploads\/2016\/01\/Automatikgetriebe%C3%B6l-Sp%C3%BClung-au%C3%9Fen.jpg?resize=300%2C225&amp;ssl=1 300w\" sizes=\"auto, (max-width: 632px) 100vw, 632px\" \/><p id=\"caption-attachment-460\" class=\"wp-caption-text\">Automatikgetriebe-Sp\u00fclger\u00e4t nach Tim Eckert<\/p><\/div>\n<\/div>\n<div>\n<div><span style=\"color: #ffffff;\">.<\/span><\/div>\n<div><\/div>\n<\/div>\n","protected":false},"excerpt":{"rendered":"<p>Einmal in die Werkstatt &#8222;schnuppern&#8220;? Das ist bei uns ganz normal. Vom Annahme-Bereich aus k\u00f6nnen Sie durch eine breite Glasfront das Werkstattgeschehen beobachten. Hier an unserem Standort in Herford stehen uns rund 1.000 m\u00b2 Werkstattfl\u00e4che zur Verf\u00fcgung mit umfangreicher Ausstattung, Hebeb\u00fchnen, LKW-Grube\u00a0und Spezialwerkzeugen. Ob Kleinwagen, Muscle Car oder LKW &#8211; s\u00e4mtliche Fahrzeuge mit bis zu [&hellip;]<\/p>\n","protected":false},"author":1003,"featured_media":0,"parent":0,"menu_order":4,"comment_status":"closed","ping_status":"closed","template":"","meta":{"_monsterinsights_skip_tracking":false,"_monsterinsights_sitenote_active":false,"_monsterinsights_sitenote_note":"","_monsterinsights_sitenote_category":0,"footnotes":""},"class_list":["post-15","page","type-page","status-publish","hentry","entry"],"yoast_head":"<!-- This site is optimized with the Yoast SEO plugin v27.5 - https:\/\/yoast.com\/product\/yoast-seo-wordpress\/ -->\n<title>Werkstatt &#8226; Aringer Automobiltechnik<\/title>\n<meta name=\"description\" content=\"1.000 m\u00b2 Werkstattfl\u00e4che mit umfangreicher Ausstattung f\u00fcr Fahrzeuge bis 5t, Service mit Kaffeebar, Kostenlose Parkpl\u00e4tze direkt vor der T\u00fcr, barrierefrei\" \/>\n<meta name=\"robots\" content=\"index, follow, max-snippet:-1, max-image-preview:large, max-video-preview:-1\" \/>\n<link rel=\"canonical\" href=\"https:\/\/www.aringer-automobiltechnik.de\/index.php\/werkstatt\/\" \/>\n<meta property=\"og:locale\" content=\"de_DE\" \/>\n<meta property=\"og:type\" content=\"article\" \/>\n<meta property=\"og:title\" content=\"Werkstatt &#8226; Aringer Automobiltechnik\" \/>\n<meta property=\"og:description\" content=\"1.000 m\u00b2 Werkstattfl\u00e4che mit umfangreicher Ausstattung f\u00fcr Fahrzeuge bis 5t, Service mit Kaffeebar, Kostenlose Parkpl\u00e4tze direkt vor der T\u00fcr, barrierefrei\" \/>\n<meta property=\"og:url\" content=\"https:\/\/www.aringer-automobiltechnik.de\/index.php\/werkstatt\/\" \/>\n<meta property=\"og:site_name\" content=\"Aringer Automobiltechnik\" \/>\n<meta property=\"article:publisher\" content=\"https:\/\/de-de.facebook.com\/AringerAuto\/\" \/>\n<meta property=\"article:modified_time\" content=\"2019-09-20T06:50:19+00:00\" \/>\n<meta property=\"og:image\" content=\"https:\/\/www.aringer-automobiltechnik.de\/wp-content\/uploads\/2019\/09\/1-DSC08531-e1568961758434-1024x358.jpg\" \/>\n<meta name=\"twitter:card\" content=\"summary_large_image\" \/>\n<meta name=\"twitter:label1\" content=\"Gesch\u00e4tzte Lesezeit\" \/>\n\t<meta name=\"twitter:data1\" content=\"1\u00a0Minute\" \/>\n<script type=\"application\/ld+json\" class=\"yoast-schema-graph\">{\"@context\":\"https:\\\/\\\/schema.org\",\"@graph\":[{\"@type\":\"WebPage\",\"@id\":\"https:\\\/\\\/www.aringer-automobiltechnik.de\\\/index.php\\\/werkstatt\\\/\",\"url\":\"https:\\\/\\\/www.aringer-automobiltechnik.de\\\/index.php\\\/werkstatt\\\/\",\"name\":\"Werkstatt &#8226; Aringer Automobiltechnik\",\"isPartOf\":{\"@id\":\"https:\\\/\\\/www.aringer-automobiltechnik.de\\\/#website\"},\"primaryImageOfPage\":{\"@id\":\"https:\\\/\\\/www.aringer-automobiltechnik.de\\\/index.php\\\/werkstatt\\\/#primaryimage\"},\"image\":{\"@id\":\"https:\\\/\\\/www.aringer-automobiltechnik.de\\\/index.php\\\/werkstatt\\\/#primaryimage\"},\"thumbnailUrl\":\"https:\\\/\\\/www.aringer-automobiltechnik.de\\\/wp-content\\\/uploads\\\/2019\\\/09\\\/1-DSC08531-e1568961758434-1024x358.jpg\",\"datePublished\":\"2016-01-02T17:47:22+00:00\",\"dateModified\":\"2019-09-20T06:50:19+00:00\",\"description\":\"1.000 m\u00b2 Werkstattfl\u00e4che mit umfangreicher Ausstattung f\u00fcr Fahrzeuge bis 5t, Service mit Kaffeebar, Kostenlose Parkpl\u00e4tze direkt vor der T\u00fcr, barrierefrei\",\"breadcrumb\":{\"@id\":\"https:\\\/\\\/www.aringer-automobiltechnik.de\\\/index.php\\\/werkstatt\\\/#breadcrumb\"},\"inLanguage\":\"de\",\"potentialAction\":[{\"@type\":\"ReadAction\",\"target\":[\"https:\\\/\\\/www.aringer-automobiltechnik.de\\\/index.php\\\/werkstatt\\\/\"]}]},{\"@type\":\"ImageObject\",\"inLanguage\":\"de\",\"@id\":\"https:\\\/\\\/www.aringer-automobiltechnik.de\\\/index.php\\\/werkstatt\\\/#primaryimage\",\"url\":\"https:\\\/\\\/i0.wp.com\\\/www.aringer-automobiltechnik.de\\\/wp-content\\\/uploads\\\/2019\\\/09\\\/1-DSC08531-e1568961758434.jpg?fit=2784%2C974&ssl=1\",\"contentUrl\":\"https:\\\/\\\/i0.wp.com\\\/www.aringer-automobiltechnik.de\\\/wp-content\\\/uploads\\\/2019\\\/09\\\/1-DSC08531-e1568961758434.jpg?fit=2784%2C974&ssl=1\",\"width\":2784,\"height\":974},{\"@type\":\"BreadcrumbList\",\"@id\":\"https:\\\/\\\/www.aringer-automobiltechnik.de\\\/index.php\\\/werkstatt\\\/#breadcrumb\",\"itemListElement\":[{\"@type\":\"ListItem\",\"position\":1,\"name\":\"Home\",\"item\":\"https:\\\/\\\/www.aringer-automobiltechnik.de\\\/\"},{\"@type\":\"ListItem\",\"position\":2,\"name\":\"Werkstatt\"}]},{\"@type\":\"WebSite\",\"@id\":\"https:\\\/\\\/www.aringer-automobiltechnik.de\\\/#website\",\"url\":\"https:\\\/\\\/www.aringer-automobiltechnik.de\\\/\",\"name\":\"Aringer Automobiltechnik\",\"description\":\"Die Autowerkstatt in Herford | NRW\",\"potentialAction\":[{\"@type\":\"SearchAction\",\"target\":{\"@type\":\"EntryPoint\",\"urlTemplate\":\"https:\\\/\\\/www.aringer-automobiltechnik.de\\\/?s={search_term_string}\"},\"query-input\":{\"@type\":\"PropertyValueSpecification\",\"valueRequired\":true,\"valueName\":\"search_term_string\"}}],\"inLanguage\":\"de\"}]}<\/script>\n<!-- \/ Yoast SEO plugin. -->","yoast_head_json":{"title":"Werkstatt &#8226; Aringer Automobiltechnik","description":"1.000 m\u00b2 Werkstattfl\u00e4che mit umfangreicher Ausstattung f\u00fcr Fahrzeuge bis 5t, Service mit Kaffeebar, Kostenlose Parkpl\u00e4tze direkt vor der T\u00fcr, barrierefrei","robots":{"index":"index","follow":"follow","max-snippet":"max-snippet:-1","max-image-preview":"max-image-preview:large","max-video-preview":"max-video-preview:-1"},"canonical":"https:\/\/www.aringer-automobiltechnik.de\/index.php\/werkstatt\/","og_locale":"de_DE","og_type":"article","og_title":"Werkstatt &#8226; Aringer Automobiltechnik","og_description":"1.000 m\u00b2 Werkstattfl\u00e4che mit umfangreicher Ausstattung f\u00fcr Fahrzeuge bis 5t, Service mit Kaffeebar, Kostenlose Parkpl\u00e4tze direkt vor der T\u00fcr, barrierefrei","og_url":"https:\/\/www.aringer-automobiltechnik.de\/index.php\/werkstatt\/","og_site_name":"Aringer Automobiltechnik","article_publisher":"https:\/\/de-de.facebook.com\/AringerAuto\/","article_modified_time":"2019-09-20T06:50:19+00:00","og_image":[{"url":"https:\/\/www.aringer-automobiltechnik.de\/wp-content\/uploads\/2019\/09\/1-DSC08531-e1568961758434-1024x358.jpg","type":"","width":"","height":""}],"twitter_card":"summary_large_image","twitter_misc":{"Gesch\u00e4tzte Lesezeit":"1\u00a0Minute"},"schema":{"@context":"https:\/\/schema.org","@graph":[{"@type":"WebPage","@id":"https:\/\/www.aringer-automobiltechnik.de\/index.php\/werkstatt\/","url":"https:\/\/www.aringer-automobiltechnik.de\/index.php\/werkstatt\/","name":"Werkstatt &#8226; Aringer Automobiltechnik","isPartOf":{"@id":"https:\/\/www.aringer-automobiltechnik.de\/#website"},"primaryImageOfPage":{"@id":"https:\/\/www.aringer-automobiltechnik.de\/index.php\/werkstatt\/#primaryimage"},"image":{"@id":"https:\/\/www.aringer-automobiltechnik.de\/index.php\/werkstatt\/#primaryimage"},"thumbnailUrl":"https:\/\/www.aringer-automobiltechnik.de\/wp-content\/uploads\/2019\/09\/1-DSC08531-e1568961758434-1024x358.jpg","datePublished":"2016-01-02T17:47:22+00:00","dateModified":"2019-09-20T06:50:19+00:00","description":"1.000 m\u00b2 Werkstattfl\u00e4che mit umfangreicher Ausstattung f\u00fcr Fahrzeuge bis 5t, Service mit Kaffeebar, Kostenlose Parkpl\u00e4tze direkt vor der T\u00fcr, barrierefrei","breadcrumb":{"@id":"https:\/\/www.aringer-automobiltechnik.de\/index.php\/werkstatt\/#breadcrumb"},"inLanguage":"de","potentialAction":[{"@type":"ReadAction","target":["https:\/\/www.aringer-automobiltechnik.de\/index.php\/werkstatt\/"]}]},{"@type":"ImageObject","inLanguage":"de","@id":"https:\/\/www.aringer-automobiltechnik.de\/index.php\/werkstatt\/#primaryimage","url":"https:\/\/i0.wp.com\/www.aringer-automobiltechnik.de\/wp-content\/uploads\/2019\/09\/1-DSC08531-e1568961758434.jpg?fit=2784%2C974&ssl=1","contentUrl":"https:\/\/i0.wp.com\/www.aringer-automobiltechnik.de\/wp-content\/uploads\/2019\/09\/1-DSC08531-e1568961758434.jpg?fit=2784%2C974&ssl=1","width":2784,"height":974},{"@type":"BreadcrumbList","@id":"https:\/\/www.aringer-automobiltechnik.de\/index.php\/werkstatt\/#breadcrumb","itemListElement":[{"@type":"ListItem","position":1,"name":"Home","item":"https:\/\/www.aringer-automobiltechnik.de\/"},{"@type":"ListItem","position":2,"name":"Werkstatt"}]},{"@type":"WebSite","@id":"https:\/\/www.aringer-automobiltechnik.de\/#website","url":"https:\/\/www.aringer-automobiltechnik.de\/","name":"Aringer Automobiltechnik","description":"Die Autowerkstatt in Herford | NRW","potentialAction":[{"@type":"SearchAction","target":{"@type":"EntryPoint","urlTemplate":"https:\/\/www.aringer-automobiltechnik.de\/?s={search_term_string}"},"query-input":{"@type":"PropertyValueSpecification","valueRequired":true,"valueName":"search_term_string"}}],"inLanguage":"de"}]}},"jetpack_sharing_enabled":true,"_links":{"self":[{"href":"https:\/\/www.aringer-automobiltechnik.de\/index.php\/wp-json\/wp\/v2\/pages\/15","targetHints":{"allow":["GET"]}}],"collection":[{"href":"https:\/\/www.aringer-automobiltechnik.de\/index.php\/wp-json\/wp\/v2\/pages"}],"about":[{"href":"https:\/\/www.aringer-automobiltechnik.de\/index.php\/wp-json\/wp\/v2\/types\/page"}],"author":[{"embeddable":true,"href":"https:\/\/www.aringer-automobiltechnik.de\/index.php\/wp-json\/wp\/v2\/users\/1003"}],"replies":[{"embeddable":true,"href":"https:\/\/www.aringer-automobiltechnik.de\/index.php\/wp-json\/wp\/v2\/comments?post=15"}],"version-history":[{"count":76,"href":"https:\/\/www.aringer-automobiltechnik.de\/index.php\/wp-json\/wp\/v2\/pages\/15\/revisions"}],"predecessor-version":[{"id":1236,"href":"https:\/\/www.aringer-automobiltechnik.de\/index.php\/wp-json\/wp\/v2\/pages\/15\/revisions\/1236"}],"wp:attachment":[{"href":"https:\/\/www.aringer-automobiltechnik.de\/index.php\/wp-json\/wp\/v2\/media?parent=15"}],"curies":[{"name":"wp","href":"https:\/\/api.w.org\/{rel}","templated":true}]}}