{"id":123,"date":"2016-01-23T13:30:04","date_gmt":"2016-01-23T12:30:04","guid":{"rendered":"http:\/\/www.aringer-automobiltechnik.de\/?page_id=123"},"modified":"2025-03-12T10:35:26","modified_gmt":"2025-03-12T09:35:26","slug":"impressum-2","status":"publish","type":"page","link":"https:\/\/www.aringer-automobiltechnik.de\/index.php\/impressum-2\/","title":{"rendered":"Impressum"},"content":{"rendered":"<p><strong>Datenschutzerkl\u00e4rung und rechtliche Informationen von Aringer Automobiltechnik e.K. Herford<\/strong><\/p>\n<p>Angaben gem\u00e4\u00df \u00a7 5 TMG:<\/p>\n<p><strong>Diensteanbieter&nbsp;<\/strong><\/p>\n<p>Peter Aringer<br \/>\nAringer Automobiltechnik e.K.<br \/>\nF\u00fcllenbruchstra\u00dfe 209<br \/>\n32051 Herford<\/p>\n<p>Telefon&nbsp;+49 5221 3031<br \/>\nTelefax&nbsp;+49 5221 2752646<br \/>\nInternet:&nbsp;www.aringer-automobiltechnik.de<br \/>\nE-Mail:&nbsp;service(at)aringer-automobiltechnik.de<\/p>\n<p><strong>Inhaber und Verantwortlicher f\u00fcr den Inhalt nach \u00a7 55 Abs. 2 RStV:&nbsp;<\/strong><br \/>\nPeter Aringer<\/p>\n<p><strong>Handelsregister<\/strong><br \/>\nAmtsgericht Bad Oeynhausen HRA 8365<\/p>\n<p><strong>Umsatzsteuer-Identifikationsnummer<\/strong><br \/>\nDE252375728 (gem\u00e4\u00df \u00a727 a Umsatzsteuergesetz)<\/p>\n<p>Fotos und Videos&nbsp;von: Peter Aringer<\/p>\n<hr>\n<p><strong>Haftungshinweise<\/strong><\/p>\n<p>Grunds\u00e4tzlich ist die Nutzung dieser Webseite ohne Angabe personenbezogener Daten m\u00f6glich.&nbsp;Pers\u00f6nliche Daten werden nur mit Ihrem Einverst\u00e4ndnis und auf freiwilliger Basis \u00fcbertragen, z. B. wenn Sie ein Kontaktformular ausf\u00fcllen. Die \u00fcbertragenen&nbsp;personenbezogenen Daten werden nicht&nbsp;an Dritte weitergegeben, sie&nbsp;werden von uns nur solange gespeichert, wie&nbsp;es n\u00f6tig ist, um eine Dienstleistung (wie z.B. Email-Service) auszuf\u00fchren, die der Nutzer gew\u00fcnscht hat. Der Nutzer&nbsp;ist jederzeit berechtigt, die Einwilligung in die Verwendung personenbezogener Daten mit sofortiger Wirkung zu widerrufen. Hierzu gen\u00fcgt eine E-Mail an den Diensteanbieter&nbsp;(Anschrift und E-Mail-Adresse siehe oben).<\/p>\n<p>Wir weisen darauf hin, dass weltweit die Daten\u00fcbertragung im Internet (z.B. in Form von Email-Verkehr) Sicherheitsl\u00fccken aufweisen kann. Ein absolut l\u00fcckenloser Schutz der Daten vor dem Zugriff Dritter ist nicht m\u00f6glich.<\/p>\n<p>Aringer Automobiltechnik widerspricht der&nbsp;\u00dcbersendung von nicht angeforderter Werbung und Infomaterialien durch Dritte an unsere,&nbsp;auf dieser Website&nbsp;ver\u00f6ffentlichten,&nbsp;Kontaktdaten.<\/p>\n<p><strong>Haftungsausschluss<\/strong><\/p>\n<p>Aringer Automobiltechnik bem\u00fcht sich, auf dieser Website richtige und vollst\u00e4ndige Informationen zur Verf\u00fcgung zu stellen,&nbsp;\u00fcbernimmt jedoch keine Haftung oder Garantie f\u00fcr die Aktualit\u00e4t, Richtigkeit und Vollst\u00e4ndigkeit der bereitgestellten Informationen. Aringer Automobiltechnik haftet nicht f\u00fcr direkte oder indirekte Sch\u00e4den, einschlie\u00dflich entgangenen Gewinns, die aufgrund von oder in Verbindung mit Informationen entstehen, die auf dieser Website bereitgehalten werden.<\/p>\n<p>Aringer Automobiltechnik beh\u00e4lt sich das Recht vor, ohne vorherige Ank\u00fcndigung \u00c4nderungen oder Erg\u00e4nzungen der bereitgestellten Informationen vorzunehmen.<\/p>\n<p><strong>Urheberrechte<\/strong><\/p>\n<p>S\u00e4mtliche Texte, Bilder und andere in der Website ver\u00f6ffentlichten Informationen unterliegen dem Copyright\/Urheberrecht der Aringer Automobiltechnik e.K. Jede auch nur auszugsweise Vervielf\u00e4ltigung, Verbreitung, Speicherung, Sendung und Wieder- bzw. Weitergabe der Inhalte f\u00fcr gewerbliche Zwecke ist ohne schriftliche Genehmigung ausdr\u00fccklich untersagt.&nbsp;Die Nutzung von aringer-automobiltechnik.de ist komplett kostenfrei, es besteht kein Vertragsverh\u00e4ltnis zwischen dem Nutzer und Aringer Automobiltechnik. Eine Beteiligung an Einnahmen die aus der Bereitstellung der Inhalte in jedweder Form entstehen ist somit ausgeschlossen.<\/p>\n<p><strong>Links<\/strong><\/p>\n<p>Aringer Automobiltechnik \u00fcbernimmt keine Haftung oder Garantie f\u00fcr den Inhalt von Internetseiten, auf die unsere Website direkt oder indirekt verweist. Besucher folgen Verbindungen zu anderen Websites und Homepages auf eigene Gefahr und benutzen sie gem\u00e4\u00df den jeweils geltenden Nutzungsbedingungen der entsprechenden Websites.<\/p>\n<p><strong>Leitfaden zu Kraftstoffverbrauch und CO2-Emission | PKW ENVKV:<\/strong><\/p>\n<p>Weitere Informationen zum offiziellen Kraftstoffverbrauch, den offiziellen spezifischen CO2-Emissionen und dem Stromverbrauch neuer Personenkraftwagen k\u00f6nnen dem &#8222;Leitfaden \u00fcber Kraftstoffverbrauch, die CO2-Emissionen und den Stromverbrauch neuer Personenkraftwagen&#8220; entnommen werden, der an allen Verkaufsstellen, bei der Deutschen Automobil Treuhand GmbH (DAT), Hellmuth-Hirth-Str. 1, 73760 Ostfildern-Scharnhausen, und unter <a href=\"http:\/\/www.dat.de\/leitfaden\/LeitfadenCO2.pdf\" rel=\"noopener noreferrer\" target=\"_blank\">www.dat.de\/leitfaden\/LeitfadenCO2.pdf<\/a> erh\u00e4ltlich ist.<\/p>\n<p>Quellverweis: <a href=\"http:\/\/www.e-recht24.de\/muster-disclaimer.html\" target=\"ext\" rel=\"noopener noreferrer\">eRecht24 Disclaimer<\/a><\/p>\n<hr>\n<p><strong>Datenschutzerkl\u00e4rung DSGVO (EU-Datenschutz-Grundverordnung)<\/strong><\/p>\n<p>Verantwortliche Stelle im Sinne der Datenschutzgesetze ist:<\/p>\n<p>Peter Aringer<br \/>\nAringer Automobiltechnik e.K.<br \/>\nF\u00fcllenbruchstra\u00dfe 209<br \/>\n32051 Herford<\/p>\n<p><strong>Erfassung allgemeiner Informationen<\/strong><\/p>\n<p>Wenn Sie auf unsere Webseite zugreifen, werden automatisch Informationen allgemeiner Natur erfasst. Diese Informationen (Server-Logfiles) beinhalten etwa die Art des Webbrowsers, das verwendete Betriebssystem, den Domainnamen Ihres Internet Service Providers und \u00c4hnliches. Hierbei handelt es sich ausschlie\u00dflich um Informationen, welche keine R\u00fcckschl\u00fcsse auf Ihre Person zulassen. Diese Informationen sind technisch notwendig, um von Ihnen angeforderte Inhalte von Webseiten korrekt auszuliefern und fallen bei Nutzung des Internets zwingend an. Anonyme Informationen dieser Art werden von uns statistisch ausgewertet, um unseren Internetauftritt und die dahinterstehende Technik zu optimieren.<\/p>\n<p><strong>Cookies<\/strong><\/p>\n<p>Wie viele andere Webseiten verwenden wir auch so genannte &#8222;Cookies&#8220;. Cookies sind kleine Textdateien, die von einem Webseitenserver auf Ihre Festplatte \u00fcbertragen werden. Hierdurch erhalten wir automatisch bestimmte Daten wie z. B. IP-Adresse, verwendeter Browser, Betriebssystem \u00fcber Ihren Computer und Ihre Verbindung zum Internet.<\/p>\n<p>Cookies k\u00f6nnen nicht verwendet werden, um Programme zu starten oder Viren auf einen Computer zu \u00fcbertragen. Anhand der in Cookies enthaltenen Informationen k\u00f6nnen wir Ihnen die Navigation erleichtern und die korrekte Anzeige unserer Webseiten erm\u00f6glichen.<\/p>\n<p>In keinem Fall werden die von uns erfassten Daten an Dritte weitergegeben oder ohne Ihre Einwilligung eine Verkn\u00fcpfung mit personenbezogenen Daten hergestellt.<\/p>\n<p>Nat\u00fcrlich k\u00f6nnen Sie unsere Website grunds\u00e4tzlich auch ohne Cookies betrachten. Internet-Browser sind regelm\u00e4\u00dfig so eingestellt, dass sie Cookies akzeptieren. Sie k\u00f6nnen die Verwendung von Cookies jederzeit \u00fcber die Einstellungen Ihres Browsers deaktivieren. Bitte verwenden Sie die Hilfefunktionen Ihres Internetbrowsers, um zu erfahren, wie Sie diese Einstellungen \u00e4ndern k\u00f6nnen. Bitte beachten Sie, dass einzelne Funktionen unserer Website m\u00f6glicherweise nicht funktionieren, wenn Sie die Verwendung von Cookies deaktiviert haben.<\/p>\n<p><strong>SSL-Verschl\u00fcsselung<\/strong><\/p>\n<p>Um die Sicherheit Ihrer Daten bei der \u00dcbertragung zu sch\u00fctzen, verwenden wir dem aktuellen Stand der Technik entsprechende Verschl\u00fcsselungsverfahren (z. B. SSL) \u00fcber HTTPS.<\/p>\n<p><strong>Kontaktformular<\/strong><\/p>\n<p>Treten Sie per E-Mail oder Kontaktformular mit uns in Kontakt, werden die von Ihnen gemachten Angaben zum Zwecke der Bearbeitung der Anfrage sowie f\u00fcr m\u00f6gliche Anschlussfragen gespeichert.<\/p>\n<p><strong>L\u00f6schung bzw. Sperrung der Daten<\/strong><\/p>\n<p>Wir halten uns an die Grunds\u00e4tze der Datenvermeidung und Datensparsamkeit. Wir speichern Ihre personenbezogenen Daten daher nur so lange, wie dies zur Erreichung der hier genannten Zwecke erforderlich ist oder wie es die vom Gesetzgeber vorgesehenen vielf\u00e4ltigen Speicherfristen vorsehen. Nach Fortfall des jeweiligen Zweckes bzw. Ablauf dieser Fristen werden die entsprechenden Daten routinem\u00e4\u00dfig und entsprechend den gesetzlichen Vorschriften gesperrt oder gel\u00f6scht.<\/p>\n<p><strong>Verwendung von Google Analytics<\/strong><\/p>\n<p>Diese Webseite benutzt Google Analytics, einen Webanalysedienst der Google Inc. (folgend: Google). Google Analytics verwendet sog. &#8222;Cookies&#8220;, also Textdateien, die auf Ihrem Computer gespeichert werden und die eine Analyse der Benutzung der Webseite durch Sie erm\u00f6glichen. Die durch das Cookie erzeugten Informationen \u00fcber Ihre Benutzung dieser Webseite werden in der Regel an einen Server von Google in den USA \u00fcbertragen und dort gespeichert. Aufgrund der Aktivierung der IP-Anonymisierung auf diesen Webseiten, wird Ihre IP-Adresse von Google jedoch innerhalb von Mitgliedstaaten der Europ\u00e4ischen Union oder in anderen Vertragsstaaten des Abkommens \u00fcber den Europ\u00e4ischen Wirtschaftsraum zuvor gek\u00fcrzt. Nur in Ausnahmef\u00e4llen wird die volle IP-Adresse an einen Server von Google in den USA \u00fcbertragen und dort gek\u00fcrzt. Im Auftrag des Betreibers dieser Webseite wird Google diese Informationen benutzen, um Ihre Nutzung der Webseite auszuwerten, um Reports \u00fcber die Webseitenaktivit\u00e4ten zusammenzustellen und um weitere mit der Webseitennutzung und der Internetnutzung verbundene Dienstleistungen gegen\u00fcber dem Webseitenbetreiber zu erbringen. Die im Rahmen von Google Analytics von Ihrem Browser \u00fcbermittelte IP-Adresse wird nicht mit anderen Daten von Google zusammengef\u00fchrt.<\/p>\n<p>Sie k\u00f6nnen die Speicherung der Cookies durch eine entsprechende Einstellung Ihrer Browser-Software verhindern; wir weisen Sie jedoch darauf hin, dass Sie in diesem Fall gegebenenfalls nicht s\u00e4mtliche Funktionen dieser Webseite vollumf\u00e4nglich werden nutzen k\u00f6nnen. Sie k\u00f6nnen dar\u00fcber hinaus die Erfassung der durch das Cookie erzeugten und auf Ihre Nutzung der Webseite bezogenen Daten (inkl. Ihrer IP-Adresse) an Google sowie die Verarbeitung dieser Daten durch Google verhindern, indem sie das unter dem folgenden Link verf\u00fcgbare Browser-Plugin herunterladen und installieren: <a href=\"http:\/\/tools.google.com\/dlpage\/gaoptout?hl=de\" target=\"ext\" rel=\"noopener noreferrer\">Browser-Add-on zur Deaktivierung von Google Analytics<\/a>.<\/p>\n<p>Zus\u00e4tzlich oder als Alternative zum Browser-Add-On k\u00f6nnen Sie das Tracking durch Google Analytics auf unseren Seiten unterbinden, indem Sie <a title=\"Google Analytics Opt-Out-Cookie setzen\" onclick=\"gaOptout();alert('Google Analytics wurde deaktiviert');\" href=\"#\">diesen Link anklicken<\/a> . Dabei wird ein Opt-Out-Cookie auf Ihrem Ger\u00e4t installiert. Damit wird die Erfassung durch Google Analytics f\u00fcr diese Website und f\u00fcr diesen Browser zuk\u00fcnftig verhindert, so lange der Cookie in Ihrem Browser installiert bleibt.<\/p>\n<p><strong>Verwendung von Scriptbibliotheken (Google Webfonts)<\/strong><\/p>\n<p>Um unsere Inhalte browser\u00fcbergreifend korrekt und grafisch ansprechend darzustellen, verwenden wir auf dieser Website Scriptbibliotheken und Schriftbibliotheken wie z. B. Google Webfonts (<a href=\"http:\/\/www.google.com\/webfonts\/\" target=\"ext\" rel=\"noopener noreferrer\">https:\/\/www.google.com\/webfonts\/<\/a>). Google Webfonts werden zur Vermeidung mehrfachen Ladens in den Cache Ihres Browsers \u00fcbertragen. Falls der Browser die Google Webfonts nicht unterst\u00fctzt oder den Zugriff unterbindet, werden Inhalte in einer Standardschrift angezeigt.<\/p>\n<p>Der Aufruf von Scriptbibliotheken oder Schriftbibliotheken l\u00f6st automatisch eine Verbindung zum Betreiber der Bibliothek aus. Dabei ist es theoretisch m\u00f6glich \u2013 aktuell allerdings auch unklar ob und ggf. zu welchen Zwecken \u2013 dass Betreiber entsprechender Bibliotheken Daten erheben.<\/p>\n<p>Die Datenschutzrichtlinie des Bibliothekbetreibers Google finden Sie hier: <a href=\"https:\/\/www.google.com\/policies\/privacy\/\" target=\"ext\" rel=\"noopener noreferrer\">https:\/\/www.google.com\/policies\/privacy\/<\/a><\/p>\n<p><strong>Eingebettete YouTube-Videos<\/strong><\/p>\n<p>Auf einigen unserer Webseiten betten wir Youtube-Videos ein. Betreiber der entsprechenden Plugins ist die YouTube, LLC, 901 Cherry Ave., San Bruno, CA 94066, USA. Wenn Sie eine Seite mit dem YouTube-Plugin besuchen, wird eine Verbindung zu Servern von Youtube hergestellt. Dabei wird Youtube mitgeteilt, welche Seiten Sie besuchen. Wenn Sie in Ihrem Youtube-Account eingeloggt sind, kann Youtube Ihr Surfverhalten Ihnen pers\u00f6nlich zuzuordnen. Dies verhindern Sie, indem Sie sich vorher aus Ihrem Youtube-Account ausloggen.<\/p>\n<p>Wird ein Youtube-Video gestartet, setzt der Anbieter Cookies ein, die Hinweise \u00fcber das Nutzerverhalten sammeln.<\/p>\n<p>Wer das Speichern von Cookies f\u00fcr das Google-Ad-Programm deaktiviert hat, wird auch beim Anschauen von Youtube-Videos mit keinen solchen Cookies rechnen m\u00fcssen. Youtube legt aber auch in anderen Cookies nicht-personenbezogene Nutzungsinformationen ab. M\u00f6chten Sie dies verhindern, so m\u00fcssen Sie das Speichern von Cookies im Browser blockieren.<\/p>\n<p>Weitere Informationen zum Datenschutz bei \u201eYoutube\u201c finden Sie in der Datenschutzerkl\u00e4rung des Anbieters unter: <a href=\"https:\/\/www.google.de\/intl\/de\/policies\/privacy\/\">https:\/\/www.google.de\/intl\/de\/policies\/privacy\/ <\/a><\/p>\n<p><strong>Datenschutzerkl\u00e4rung f\u00fcr die Nutzung von Facebook-Plugins (Like-Button)<\/strong><\/p>\n<p>Auf unseren Seiten sind Plugins des sozialen Netzwerks Facebook, 1601 South California Avenue, Palo Alto, CA 94304, USA integriert. Die Facebook-Plugins erkennen Sie an dem Facebook-Logo oder dem &#8222;Like-Button&#8220; (&#8222;Gef\u00e4llt mir&#8220;) auf unserer Seite. Eine \u00fcbersicht \u00fcber die Facebook-Plugins finden Sie hier: <u><a href=\"http:\/\/developers.facebook.com\/docs\/plugins\/\" rel=\"external noopener noreferrer\" title=\"http:\/\/developers.facebook.com\/docs\/plugins\/\" target=\"ext\">http:\/\/developers.facebook.com\/docs\/plugins<\/a><\/u>. Wenn Sie unsere Seiten besuchen, wird \u00fcber das Plugin eine direkte Verbindung zwischen Ihrem Browser und dem Facebook-Server hergestellt. Facebook erh\u00e4lt dadurch die Information, dass Sie mit Ihrer IP-Adresse unsere Seite besucht haben. Wenn Sie den Facebook &#8222;Like-Button&#8220; anklicken w\u00e4hrend Sie in Ihrem Facebook-Account eingeloggt sind, k\u00f6nnen Sie die Inhalte unserer Seiten auf Ihrem Facebook-Profil verlinken. Dadurch kann Facebook den Besuch unserer Seiten Ihrem Benutzerkonto zuordnen. Wir weisen darauf hin, dass wir als Anbieter der Seiten keine Kenntnis vom Inhalt der \u00fcbermittelten Daten sowie deren Nutzung durch Facebook erhalten. Weitere Informationen hierzu finden Sie in der Datenschutzerkl\u00e4rung von facebook unter <u><a href=\"http:\/\/de-de.facebook.com\/policy.php\" rel=\"external noopener noreferrer\" title=\"http:\/\/de-de.facebook.com\/policy.php\" target=\"ext\">http:\/\/de-de.facebook.com\/policy.php<\/a><\/u>.<\/p>\n<p><strong>Ihre Rechte auf Auskunft, Berichtigung, Sperre, L\u00f6schung und Widerspruch<\/strong><\/p>\n<p>Sie haben das Recht, jederzeit Auskunft \u00fcber Ihre bei uns gespeicherten personenbezogenen Daten zu erhalten. Ebenso haben Sie das Recht auf Berichtigung, Sperrung oder, abgesehen von der vorgeschriebenen Datenspeicherung zur Gesch\u00e4ftsabwicklung, L\u00f6schung Ihrer personenbezogenen Daten. Bitte wenden Sie sich dazu an unseren Datenschutzbeauftragten. Die Kontaktdaten finden Sie ganz unten.<\/p>\n<p>Damit eine Sperre von Daten jederzeit ber\u00fccksichtigt werden kann, m\u00fcssen diese Daten zu Kontrollzwecken in einer Sperrdatei vorgehalten werden. Sie k\u00f6nnen auch die L\u00f6schung der Daten verlangen, soweit keine gesetzliche Archivierungsverpflichtung besteht. Soweit eine solche Verpflichtung besteht, sperren wir Ihre Daten auf Wunsch.<\/p>\n<p>Sie k\u00f6nnen \u00c4nderungen oder den Widerruf einer Einwilligung durch entsprechende Mitteilung an uns mit Wirkung f\u00fcr die Zukunft vornehmen.<\/p>\n<p><strong>\u00c4nderung unserer Datenschutzbestimmungen<\/strong><\/p>\n<p>Wir behalten uns vor, diese Datenschutzerkl\u00e4rung gelegentlich anzupassen, damit sie stets den aktuellen rechtlichen Anforderungen entspricht oder um \u00c4nderungen unserer Leistungen in der Datenschutzerkl\u00e4rung umzusetzen, z. B. bei der Einf\u00fchrung neuer Services. F\u00fcr Ihren erneuten Besuch gilt dann die neue Datenschutzerkl\u00e4rung.<\/p>\n<p><strong>Fragen an den Datenschutzbeauftragten<\/strong><\/p>\n<p>Wenn Sie Fragen zum Datenschutz haben, schreiben Sie uns bitte eine E-Mail.<\/p>\n<p><em>Die Datenschutzerkl\u00e4rung wurde mit dem <\/em><a href=\"https:\/\/www.activemind.de\/datenschutz\/datenschutzhinweis-generator\/\" target=\"ext\" rel=\"noopener noreferrer\"><em>Datenschutzerkl\u00e4rungs-Generator der activeMind AG erstellt<\/em><\/a>, <a href=\"http:\/\/www.google.com\/intl\/de\/policies\/privacy\/\" target=\"ext\" rel=\"noopener noreferrer\">Datenschutzerkl\u00e4rung Google Analytics<\/a><\/p>\n<hr>\n<h4 style=\"text-align: center;\"><a href=\"http:\/\/www.aringer-automobiltechnik.de\/\">Startseite<\/a><\/h4>\n","protected":false},"excerpt":{"rendered":"<p>Datenschutzerkl\u00e4rung und rechtliche Informationen von Aringer Automobiltechnik e.K. Herford Angaben gem\u00e4\u00df \u00a7 5 TMG: Diensteanbieter&nbsp; Peter Aringer Aringer Automobiltechnik e.K. F\u00fcllenbruchstra\u00dfe 209 32051 Herford Telefon&nbsp;+49 5221 3031 Telefax&nbsp;+49 5221 2752646 Internet:&nbsp;www.aringer-automobiltechnik.de E-Mail:&nbsp;service(at)aringer-automobiltechnik.de Inhaber und Verantwortlicher f\u00fcr den Inhalt nach \u00a7 55 Abs. 2 RStV:&nbsp; Peter Aringer Handelsregister Amtsgericht Bad Oeynhausen HRA 8365 Umsatzsteuer-Identifikationsnummer DE252375728 (gem\u00e4\u00df [&hellip;]<\/p>\n","protected":false},"author":1003,"featured_media":0,"parent":0,"menu_order":8,"comment_status":"closed","ping_status":"closed","template":"template-full.php","meta":{"_monsterinsights_skip_tracking":false,"_monsterinsights_sitenote_active":false,"_monsterinsights_sitenote_note":"","_monsterinsights_sitenote_category":0,"footnotes":""},"class_list":["post-123","page","type-page","status-publish","hentry","entry"],"yoast_head":"<!-- This site is optimized with the Yoast SEO plugin v27.5 - https:\/\/yoast.com\/product\/yoast-seo-wordpress\/ -->\n<title>Impressum &#8226; Aringer Automobiltechnik<\/title>\n<meta name=\"description\" content=\"Rechtliche Informationen zu Aringer Automobiltechnik e.K. in Herford\" \/>\n<meta name=\"robots\" content=\"index, follow, max-snippet:-1, max-image-preview:large, max-video-preview:-1\" \/>\n<link rel=\"canonical\" href=\"https:\/\/www.aringer-automobiltechnik.de\/index.php\/impressum-2\/\" \/>\n<meta property=\"og:locale\" content=\"de_DE\" \/>\n<meta property=\"og:type\" content=\"article\" \/>\n<meta property=\"og:title\" content=\"Impressum &#8226; Aringer Automobiltechnik\" \/>\n<meta property=\"og:description\" content=\"Rechtliche Informationen zu Aringer Automobiltechnik e.K. in Herford\" \/>\n<meta property=\"og:url\" content=\"https:\/\/www.aringer-automobiltechnik.de\/index.php\/impressum-2\/\" \/>\n<meta property=\"og:site_name\" content=\"Aringer Automobiltechnik\" \/>\n<meta property=\"article:publisher\" content=\"https:\/\/de-de.facebook.com\/AringerAuto\/\" \/>\n<meta property=\"article:modified_time\" content=\"2025-03-12T09:35:26+00:00\" \/>\n<meta name=\"twitter:card\" content=\"summary_large_image\" \/>\n<meta name=\"twitter:label1\" content=\"Gesch\u00e4tzte Lesezeit\" \/>\n\t<meta name=\"twitter:data1\" content=\"10\u00a0Minuten\" \/>\n<script type=\"application\/ld+json\" class=\"yoast-schema-graph\">{\"@context\":\"https:\\\/\\\/schema.org\",\"@graph\":[{\"@type\":\"WebPage\",\"@id\":\"https:\\\/\\\/www.aringer-automobiltechnik.de\\\/index.php\\\/impressum-2\\\/\",\"url\":\"https:\\\/\\\/www.aringer-automobiltechnik.de\\\/index.php\\\/impressum-2\\\/\",\"name\":\"Impressum &#8226; Aringer Automobiltechnik\",\"isPartOf\":{\"@id\":\"https:\\\/\\\/www.aringer-automobiltechnik.de\\\/#website\"},\"datePublished\":\"2016-01-23T12:30:04+00:00\",\"dateModified\":\"2025-03-12T09:35:26+00:00\",\"description\":\"Rechtliche Informationen zu Aringer Automobiltechnik e.K. in Herford\",\"breadcrumb\":{\"@id\":\"https:\\\/\\\/www.aringer-automobiltechnik.de\\\/index.php\\\/impressum-2\\\/#breadcrumb\"},\"inLanguage\":\"de\",\"potentialAction\":[{\"@type\":\"ReadAction\",\"target\":[\"https:\\\/\\\/www.aringer-automobiltechnik.de\\\/index.php\\\/impressum-2\\\/\"]}]},{\"@type\":\"BreadcrumbList\",\"@id\":\"https:\\\/\\\/www.aringer-automobiltechnik.de\\\/index.php\\\/impressum-2\\\/#breadcrumb\",\"itemListElement\":[{\"@type\":\"ListItem\",\"position\":1,\"name\":\"Home\",\"item\":\"https:\\\/\\\/www.aringer-automobiltechnik.de\\\/\"},{\"@type\":\"ListItem\",\"position\":2,\"name\":\"Impressum\"}]},{\"@type\":\"WebSite\",\"@id\":\"https:\\\/\\\/www.aringer-automobiltechnik.de\\\/#website\",\"url\":\"https:\\\/\\\/www.aringer-automobiltechnik.de\\\/\",\"name\":\"Aringer Automobiltechnik\",\"description\":\"Die Autowerkstatt in Herford | NRW\",\"potentialAction\":[{\"@type\":\"SearchAction\",\"target\":{\"@type\":\"EntryPoint\",\"urlTemplate\":\"https:\\\/\\\/www.aringer-automobiltechnik.de\\\/?s={search_term_string}\"},\"query-input\":{\"@type\":\"PropertyValueSpecification\",\"valueRequired\":true,\"valueName\":\"search_term_string\"}}],\"inLanguage\":\"de\"}]}<\/script>\n<!-- \/ Yoast SEO plugin. -->","yoast_head_json":{"title":"Impressum &#8226; Aringer Automobiltechnik","description":"Rechtliche Informationen zu Aringer Automobiltechnik e.K. in Herford","robots":{"index":"index","follow":"follow","max-snippet":"max-snippet:-1","max-image-preview":"max-image-preview:large","max-video-preview":"max-video-preview:-1"},"canonical":"https:\/\/www.aringer-automobiltechnik.de\/index.php\/impressum-2\/","og_locale":"de_DE","og_type":"article","og_title":"Impressum &#8226; Aringer Automobiltechnik","og_description":"Rechtliche Informationen zu Aringer Automobiltechnik e.K. in Herford","og_url":"https:\/\/www.aringer-automobiltechnik.de\/index.php\/impressum-2\/","og_site_name":"Aringer Automobiltechnik","article_publisher":"https:\/\/de-de.facebook.com\/AringerAuto\/","article_modified_time":"2025-03-12T09:35:26+00:00","twitter_card":"summary_large_image","twitter_misc":{"Gesch\u00e4tzte Lesezeit":"10\u00a0Minuten"},"schema":{"@context":"https:\/\/schema.org","@graph":[{"@type":"WebPage","@id":"https:\/\/www.aringer-automobiltechnik.de\/index.php\/impressum-2\/","url":"https:\/\/www.aringer-automobiltechnik.de\/index.php\/impressum-2\/","name":"Impressum &#8226; Aringer Automobiltechnik","isPartOf":{"@id":"https:\/\/www.aringer-automobiltechnik.de\/#website"},"datePublished":"2016-01-23T12:30:04+00:00","dateModified":"2025-03-12T09:35:26+00:00","description":"Rechtliche Informationen zu Aringer Automobiltechnik e.K. in Herford","breadcrumb":{"@id":"https:\/\/www.aringer-automobiltechnik.de\/index.php\/impressum-2\/#breadcrumb"},"inLanguage":"de","potentialAction":[{"@type":"ReadAction","target":["https:\/\/www.aringer-automobiltechnik.de\/index.php\/impressum-2\/"]}]},{"@type":"BreadcrumbList","@id":"https:\/\/www.aringer-automobiltechnik.de\/index.php\/impressum-2\/#breadcrumb","itemListElement":[{"@type":"ListItem","position":1,"name":"Home","item":"https:\/\/www.aringer-automobiltechnik.de\/"},{"@type":"ListItem","position":2,"name":"Impressum"}]},{"@type":"WebSite","@id":"https:\/\/www.aringer-automobiltechnik.de\/#website","url":"https:\/\/www.aringer-automobiltechnik.de\/","name":"Aringer Automobiltechnik","description":"Die Autowerkstatt in Herford | NRW","potentialAction":[{"@type":"SearchAction","target":{"@type":"EntryPoint","urlTemplate":"https:\/\/www.aringer-automobiltechnik.de\/?s={search_term_string}"},"query-input":{"@type":"PropertyValueSpecification","valueRequired":true,"valueName":"search_term_string"}}],"inLanguage":"de"}]}},"jetpack_sharing_enabled":true,"_links":{"self":[{"href":"https:\/\/www.aringer-automobiltechnik.de\/index.php\/wp-json\/wp\/v2\/pages\/123","targetHints":{"allow":["GET"]}}],"collection":[{"href":"https:\/\/www.aringer-automobiltechnik.de\/index.php\/wp-json\/wp\/v2\/pages"}],"about":[{"href":"https:\/\/www.aringer-automobiltechnik.de\/index.php\/wp-json\/wp\/v2\/types\/page"}],"author":[{"embeddable":true,"href":"https:\/\/www.aringer-automobiltechnik.de\/index.php\/wp-json\/wp\/v2\/users\/1003"}],"replies":[{"embeddable":true,"href":"https:\/\/www.aringer-automobiltechnik.de\/index.php\/wp-json\/wp\/v2\/comments?post=123"}],"version-history":[{"count":34,"href":"https:\/\/www.aringer-automobiltechnik.de\/index.php\/wp-json\/wp\/v2\/pages\/123\/revisions"}],"predecessor-version":[{"id":1335,"href":"https:\/\/www.aringer-automobiltechnik.de\/index.php\/wp-json\/wp\/v2\/pages\/123\/revisions\/1335"}],"wp:attachment":[{"href":"https:\/\/www.aringer-automobiltechnik.de\/index.php\/wp-json\/wp\/v2\/media?parent=123"}],"curies":[{"name":"wp","href":"https:\/\/api.w.org\/{rel}","templated":true}]}}